{"id":3467,"date":"2022-02-08T15:04:59","date_gmt":"2022-02-08T14:04:59","guid":{"rendered":"http:\/\/piccoloartista.com\/?page_id=3467"},"modified":"2022-12-12T18:37:32","modified_gmt":"2022-12-12T17:37:32","slug":"verkaufsbedingungen","status":"publish","type":"page","link":"https:\/\/piccoloartista.com\/de\/conditions-generales-de-vente\/","title":{"rendered":"Verkaufsbedingungen"},"content":{"rendered":"<div data-elementor-type=\"wp-page\" data-elementor-id=\"3467\" class=\"elementor elementor-3467\">\n\t\t\t\t\t\t<section class=\"elementor-section elementor-top-section elementor-element elementor-element-54cd1b6 elementor-section-boxed elementor-section-height-default elementor-section-height-default wpr-particle-no wpr-jarallax-no wpr-parallax-no wpr-sticky-section-no\" data-id=\"54cd1b6\" data-element_type=\"section\" data-e-type=\"section\">\n\t\t\t\t\t\t<div class=\"elementor-container elementor-column-gap-default\">\n\t\t\t\t\t<div class=\"elementor-column elementor-col-100 elementor-top-column elementor-element elementor-element-dc0bf3b\" data-id=\"dc0bf3b\" data-element_type=\"column\" data-e-type=\"column\">\n\t\t\t<div class=\"elementor-widget-wrap elementor-element-populated\">\n\t\t\t\t\t\t<div class=\"elementor-element elementor-element-db96f52 elementor-widget elementor-widget-spacer\" data-id=\"db96f52\" data-element_type=\"widget\" data-e-type=\"widget\" data-widget_type=\"spacer.default\">\n\t\t\t\t<div class=\"elementor-widget-container\">\n\t\t\t\t\t\t\t<div class=\"elementor-spacer\">\n\t\t\t<div class=\"elementor-spacer-inner\"><\/div>\n\t\t<\/div>\n\t\t\t\t\t\t<\/div>\n\t\t\t\t<\/div>\n\t\t\t\t<section class=\"elementor-section elementor-inner-section elementor-element elementor-element-cb5ed23 elementor-section-boxed elementor-section-height-default elementor-section-height-default wpr-particle-no wpr-jarallax-no wpr-parallax-no wpr-sticky-section-no\" data-id=\"cb5ed23\" data-element_type=\"section\" data-e-type=\"section\">\n\t\t\t\t\t\t<div class=\"elementor-container elementor-column-gap-default\">\n\t\t\t\t\t<div class=\"elementor-column elementor-col-50 elementor-inner-column elementor-element elementor-element-d07f033\" data-id=\"d07f033\" data-element_type=\"column\" data-e-type=\"column\">\n\t\t\t<div class=\"elementor-widget-wrap\">\n\t\t\t\t\t\t\t<\/div>\n\t\t<\/div>\n\t\t\t\t<div class=\"elementor-column elementor-col-50 elementor-inner-column elementor-element elementor-element-8728bb5\" data-id=\"8728bb5\" data-element_type=\"column\" data-e-type=\"column\">\n\t\t\t<div class=\"elementor-widget-wrap\">\n\t\t\t\t\t\t\t<\/div>\n\t\t<\/div>\n\t\t\t\t\t<\/div>\n\t\t<\/section>\n\t\t\t\t\t<\/div>\n\t\t<\/div>\n\t\t\t\t\t<\/div>\n\t\t<\/section>\n\t\t\t\t<section class=\"elementor-section elementor-top-section elementor-element elementor-element-5dd46b8 elementor-section-boxed elementor-section-height-default elementor-section-height-default wpr-particle-no wpr-jarallax-no wpr-parallax-no wpr-sticky-section-no\" data-id=\"5dd46b8\" data-element_type=\"section\" data-e-type=\"section\">\n\t\t\t\t\t\t<div class=\"elementor-container elementor-column-gap-default\">\n\t\t\t\t\t<div class=\"elementor-column elementor-col-100 elementor-top-column elementor-element elementor-element-0ad4837\" data-id=\"0ad4837\" data-element_type=\"column\" data-e-type=\"column\">\n\t\t\t<div class=\"elementor-widget-wrap elementor-element-populated\">\n\t\t\t\t\t\t<div class=\"elementor-element elementor-element-ef932fe elementor-widget elementor-widget-text-editor\" data-id=\"ef932fe\" data-element_type=\"widget\" data-e-type=\"widget\" data-widget_type=\"text-editor.default\">\n\t\t\t\t<div class=\"elementor-widget-container\">\n\t\t\t\t\t\t\t\t\t<p>Information<strong> Allgemeines zum Versand:<\/strong><\/p>\n<p>Lieferungen erfolgen per Sendungsverfolgung.<\/p>\n<p>Die Versandkosten sind standardm\u00e4\u00dfig am Ende der Artikel angegeben. Tats\u00e4chlich werden die Versandkosten nach dem Gewicht der Ware berechnet.<\/p>\n<p><\/p>\n<p><span lang=\"fr\"><b>Versand <\/b><br><\/span><\/p>\n<p><span lang=\"fr\">Der K\u00e4ufer ist daf\u00fcr verantwortlich, eine Adresse anzugeben, die von den Spediteuren als Lieferadresse anerkannt wird. <br><\/span><\/p><p><span lang=\"fr\">Leider habe ich keine Kontrolle \u00fcber den Versand, sobald ein Paket das Studio verl\u00e4sst. <br><\/span><\/p><p><span lang=\"fr\">Sollte es aus Gr\u00fcnden, die au\u00dferhalb unserer Kontrolle liegen, zu Problemen mit der Lieferung kommen (die mir angegebene Adresse ist nicht korrekt, Probleme innerhalb des Versandunternehmens usw.), bin ich nicht f\u00fcr Versandverz\u00f6gerungen verantwortlich. <br><\/span><\/p><p><span lang=\"fr\">Ich bin nicht verantwortlich f\u00fcr Fehler des Spediteurs, wie z. B. versp\u00e4tete Artikel oder verlorene Pakete. Ich bin nicht verantwortlich f\u00fcr Versandverz\u00f6gerungen aufgrund h\u00f6herer Gewalt, die au\u00dferhalb meiner Kontrolle liegen, wie zum Beispiel epische Schneest\u00fcrme, Naturkatastrophen oder andere au\u00dfergew\u00f6hnliche Umst\u00e4nde, die zu unvorhergesehenen St\u00f6rungen der Transportrouten f\u00fchren.<\/span><\/p>\n<p><strong>Informationen zum Widerrufsrecht<\/strong><\/p>\n<p>F\u00fcr personalisierte Artikel gelten die Bestimmungen von Artikel L. 121-20-2, 3\u00b0 des Verbraucherschutzgesetzes und entziehen dem Kunden die 7-t\u00e4gige Widerrufs- und R\u00fcckgabefrist f\u00fcr personalisierte Artikel.<\/p>\n<p>Benutzerdefinierte oder personalisierte Bestellungen k\u00f6nnen nicht storniert, zur\u00fcckgegeben oder umgetauscht werden.<\/p>\n<p>Wenn es jedoch ein Problem mit Ihrer Bestellung gibt, k\u00f6nnen Sie mich jederzeit kontaktieren.<\/p>\n<p>Aufgrund der Art dieser Artikel wird vor dem Versand ein Foto des personalisierten Produkts zur Validierung gesendet.<\/p>\n<p><strong>R\u00fcckgabebedingungen<\/strong><\/p>\n<p>Die Kosten f\u00fcr die R\u00fccksendung liegen in der Verantwortung des K\u00e4ufers. Wenn sich der zur\u00fcckgegebene Artikel nicht im Originalzustand befindet, ist der K\u00e4ufer f\u00fcr etwaige Wertverluste verantwortlich.<\/p>\n<p><strong>Zoll- und Einfuhrsteuern<\/strong><\/p>\n<p>Etwaige Zoll- und Einfuhrsteuern liegen in der Verantwortung des K\u00e4ufers. Ich bin nicht verantwortlich f\u00fcr Verz\u00f6gerungen, die durch den Zoll verursacht werden.<\/p>\t\t\t\t\t\t\t\t<\/div>\n\t\t\t\t<\/div>\n\t\t\t\t\t<\/div>\n\t\t<\/div>\n\t\t\t\t\t<\/div>\n\t\t<\/section>\n\t\t\t\t<\/div>","protected":false},"excerpt":{"rendered":"<p>Allgemeine Versandinformationen: Lieferungen erfolgen per Sendungsverfolgung. Die Versandkosten sind standardm\u00e4\u00dfig am Ende der Artikel angegeben. Tats\u00e4chlich werden die Versandkosten nach dem Gewicht der Ware berechnet. Versand Der K\u00e4ufer ist daf\u00fcr verantwortlich, eine Adresse anzugeben, die von den Spediteuren als Lieferadresse anerkannt wird. Leider habe ich keine Kontrolle \u00fcber den Versand, sobald ein Paket das Studio verl\u00e4sst. Sollte es aus Gr\u00fcnden, die au\u00dferhalb unserer Kontrolle liegen, zu Problemen mit der Lieferung kommen (die mir angegebene Adresse ist nicht korrekt, Probleme innerhalb des Versandunternehmens usw.), bin ich nicht f\u00fcr Versandverz\u00f6gerungen verantwortlich. Ich bin nicht verantwortlich f\u00fcr Fehler des Spediteurs, wie z. B. versp\u00e4tete Artikel oder verlorene Pakete. Ich bin nicht verantwortlich f\u00fcr Versandverz\u00f6gerungen aufgrund h\u00f6herer Gewalt, die au\u00dferhalb meiner Kontrolle liegen, wie zum Beispiel epische Schneest\u00fcrme, Naturkatastrophen oder andere au\u00dfergew\u00f6hnliche Umst\u00e4nde, die zu unvorhergesehenen St\u00f6rungen der Transportrouten f\u00fchren. Informationen zum Widerrufsrecht F\u00fcr personalisierte Artikel gelten die Bestimmungen von Artikel L. 121-20-2, 3\u00b0 des Verbraucherschutzgesetzes und entziehen dem Kunden die 7-t\u00e4gige Widerrufsfrist und die R\u00fcckgabe personalisierter Waren. Benutzerdefinierte oder personalisierte Bestellungen k\u00f6nnen nicht storniert, zur\u00fcckgegeben oder umgetauscht werden. Wenn es jedoch ein Problem mit Ihrer Bestellung gibt, k\u00f6nnen Sie mich jederzeit kontaktieren. Aufgrund der Art dieser Artikel wird vor dem Versand ein Foto des personalisierten Produkts zur Validierung gesendet. R\u00fcckgabebedingungen Die Versandkosten f\u00fcr die R\u00fccksendung liegen in der Verantwortung des K\u00e4ufers. Wenn sich der zur\u00fcckgegebene Artikel nicht im Originalzustand befindet, ist der K\u00e4ufer f\u00fcr etwaige Wertverluste verantwortlich. Zoll- und Einfuhrsteuern Eventuelle Zoll- und Einfuhrsteuern liegen in der Verantwortung des K\u00e4ufers. Ich bin nicht verantwortlich f\u00fcr Verz\u00f6gerungen, die durch den Zoll verursacht werden.<\/p>","protected":false},"author":1,"featured_media":0,"parent":0,"menu_order":0,"comment_status":"closed","ping_status":"closed","template":"","meta":{"site-sidebar-layout":"no-sidebar","site-content-layout":"page-builder","ast-site-content-layout":"","site-content-style":"default","site-sidebar-style":"default","ast-global-header-display":"","ast-banner-title-visibility":"","ast-main-header-display":"","ast-hfb-above-header-display":"","ast-hfb-below-header-display":"","ast-hfb-mobile-header-display":"","site-post-title":"disabled","ast-breadcrumbs-content":"","ast-featured-img":"disabled","footer-sml-layout":"","theme-transparent-header-meta":"","adv-header-id-meta":"","stick-header-meta":"","header-above-stick-meta":"","header-main-stick-meta":"","header-below-stick-meta":"","astra-migrate-meta-layouts":"default","ast-page-background-enabled":"default","ast-page-background-meta":{"desktop":{"background-color":"","background-image":"","background-repeat":"repeat","background-position":"center center","background-size":"auto","background-attachment":"scroll","background-type":"","background-media":"","overlay-type":"","overlay-color":"","overlay-opacity":"","overlay-gradient":""},"tablet":{"background-color":"","background-image":"","background-repeat":"repeat","background-position":"center center","background-size":"auto","background-attachment":"scroll","background-type":"","background-media":"","overlay-type":"","overlay-color":"","overlay-opacity":"","overlay-gradient":""},"mobile":{"background-color":"","background-image":"","background-repeat":"repeat","background-position":"center center","background-size":"auto","background-attachment":"scroll","background-type":"","background-media":"","overlay-type":"","overlay-color":"","overlay-opacity":"","overlay-gradient":""}},"ast-content-background-meta":{"desktop":{"background-color":"var(--ast-global-color-5)","background-image":"","background-repeat":"repeat","background-position":"center center","background-size":"auto","background-attachment":"scroll","background-type":"","background-media":"","overlay-type":"","overlay-color":"","overlay-opacity":"","overlay-gradient":""},"tablet":{"background-color":"var(--ast-global-color-5)","background-image":"","background-repeat":"repeat","background-position":"center center","background-size":"auto","background-attachment":"scroll","background-type":"","background-media":"","overlay-type":"","overlay-color":"","overlay-opacity":"","overlay-gradient":""},"mobile":{"background-color":"var(--ast-global-color-5)","background-image":"","background-repeat":"repeat","background-position":"center center","background-size":"auto","background-attachment":"scroll","background-type":"","background-media":"","overlay-type":"","overlay-color":"","overlay-opacity":"","overlay-gradient":""}},"footnotes":""},"class_list":["post-3467","page","type-page","status-publish","hentry"],"_links":{"self":[{"href":"https:\/\/piccoloartista.com\/de\/wp-json\/wp\/v2\/pages\/3467","targetHints":{"allow":["GET"]}}],"collection":[{"href":"https:\/\/piccoloartista.com\/de\/wp-json\/wp\/v2\/pages"}],"about":[{"href":"https:\/\/piccoloartista.com\/de\/wp-json\/wp\/v2\/types\/page"}],"author":[{"embeddable":true,"href":"https:\/\/piccoloartista.com\/de\/wp-json\/wp\/v2\/users\/1"}],"replies":[{"embeddable":true,"href":"https:\/\/piccoloartista.com\/de\/wp-json\/wp\/v2\/comments?post=3467"}],"version-history":[{"count":11,"href":"https:\/\/piccoloartista.com\/de\/wp-json\/wp\/v2\/pages\/3467\/revisions"}],"predecessor-version":[{"id":4623,"href":"https:\/\/piccoloartista.com\/de\/wp-json\/wp\/v2\/pages\/3467\/revisions\/4623"}],"wp:attachment":[{"href":"https:\/\/piccoloartista.com\/de\/wp-json\/wp\/v2\/media?parent=3467"}],"curies":[{"name":"wp","href":"https:\/\/api.w.org\/{rel}","templated":true}]}}