{"id":3118,"date":"2022-02-01T20:25:58","date_gmt":"2022-02-01T19:25:58","guid":{"rendered":"http:\/\/piccoloartista.com\/?post_type=product&#038;p=3118"},"modified":"2026-03-02T09:47:04","modified_gmt":"2026-03-02T08:47:04","slug":"die-stoffpuppe-die-wie-du-aussieht","status":"publish","type":"product","link":"https:\/\/piccoloartista.com\/de\/produit\/la-poupee-de-chiffon-qui-te-ressemble\/","title":{"rendered":"Die Stoffpuppe, die wie du aussieht"},"content":{"rendered":"<p>\u2665 WIE SIE IHRE PERSONALISIERTEN PUPPEN BESTELLEN K\u00d6NNEN \u2665.<\/p>\n<p>\u2013 \u2013 \u2013 \u2013 \u2013 \u2013 \u2013 \u2013 \u2013 \u2013 \u2013 \u2013 \u2013 \u2013 \u2013 \u2013 \u2013 \u2013 \u2013 \u2013 \u2013 \u2013 \u2013 \u2013 \u2013 \u2013 \u2013 \u2013 \u2013 \u2013<\/p>\n<ol>\n<li>W\u00e4hlen Sie die Anzahl der Elemente, aus denen Ihre Familie bestehen soll.<\/li>\n<\/ol>\n<p>&nbsp;<\/p>\n<ol start=\"2\">\n<li>Schicken Sie mir eine E-Mail an <a href=\"mailto:contactpiccoloartista@gmail.com\">contactpiccoloartista@gmail.com<\/a> indem Sie f\u00fcr jede Puppe Folgendes angeben:<\/li>\n<\/ol>\n<p>\u2013 Die gew\u00fcnschte Gr\u00f6\u00dfe (Erwachsener, Kind, Baby)<\/p>\n<p>\u2013 Augen-, Haar- und Kleidungsfarbe<\/p>\n<p>\u2013 Fotos von jeder Person \/ jedem Tier, die Sie m\u00f6chten<\/p>\n<p>\u2013 alle Informationen oder Details, die Ihrer Meinung nach f\u00fcr die Herstellung der Puppe n\u00fctzlich w\u00e4ren (Accessoire, Leidenschaften usw.).<\/p>\n<p>&nbsp;<\/p>\n<ol start=\"3\">\n<li>Ich werde anfangen, daran zu arbeiten! Wenn die Puppen fertig sind, schicke ich Ihnen vor dem Versand ein Foto zur Best\u00e4tigung.<\/li>\n<\/ol>\n<p>&nbsp;<\/p>\n<p>\u2665 DETAILS \u2665.<\/p>\n<p>\u2013 \u2013 \u2013 \u2013 \u2013 \u2013 \u2013 \u2013 \u2013 \u2013 \u2013 \u2013 \u2013 \u2013 \u2013 \u2013 \u2013 \u2013 \u2013 \u2013 \u2013 \u2013 \u2013 \u2013 \u2013 \u2013 \u2013 \u2013 \u2013 \u2013<\/p>\n<p>Die erwachsene Puppe ist ca. 30 cm gro\u00df.<\/p>\n<p>Das Kind und das Tier sind ca. 25 cm gro\u00df.<\/p>\n<p>Das Baby ist ca. 20 cm gro\u00df.<\/p>\n<p>&nbsp;<\/p>\n<p>Jede Puppe ist ein mit Liebe handgefertigtes Einzelst\u00fcck. Sie bestehen aus hochwertigen, sehr weichen Stoffen und es wird auf jedes Detail geachtet, um sie einzigartig zu machen. Mit dem kleinen Anh\u00e4nger auf der R\u00fcckseite kann die Puppe an die Wand geh\u00e4ngt werden. Die Puppen sind mit Polyesterwatte gef\u00fcllt.<\/p>\n<p>&nbsp;<\/p>\n<p>Die Puppen werden in einem handgefertigten wiederverwendbaren Stoffbeutel anstelle einer herk\u00f6mmlichen Papier- oder Plastikverpackung geliefert und der gl\u00fcckliche Empf\u00e4nger kann ihn immer wieder verwenden. Eine Aktion f\u00fcr unseren Planeten und ein Geschenk f\u00fcr Sie! Alles per Sendungsverfolgung verschickt.<\/p>\n<p><strong>Schau hier <\/strong><a href=\"https:\/\/piccoloartista.com\/de\/galerie\/\" target=\"_blank\" rel=\"noopener\"><strong>viele Beispiele von Puppen<\/strong><\/a><strong> das ich geschaffen habe.<\/strong><\/p>\n<p>&nbsp;<\/p>\n<p>Nicht f\u00fcr Kinder unter 36 Monaten geeignet. Es wird die Wachsamkeit von Erwachsenen empfohlen.<\/p>","protected":false},"excerpt":{"rendered":"<p>Eine handgefertigte Stoffpuppe, die aus Ihren Fotos oder von Ihren Freunden und Ihrer Familie gefertigt wurde, ist ein Geschenk, das ein Hit sein wird und an dem Sie ein Leben lang Freude haben werden.<\/p>\n<p>Sie k\u00f6nnen Ihre eigene Puppenfamilie gr\u00fcnden, indem Sie Erwachsene, Kinder, Babys und sogar Tiere bestellen!<\/p>\n<p><strong>Schau hier <\/strong><a href=\"https:\/\/piccoloartista.com\/de\/galerie\/\" target=\"_blank\" rel=\"noopener\"><strong>viele Beispiele von Puppen <\/strong><\/a><strong>das ich geschaffen habe.<\/strong><\/p>\n<p>&nbsp;<\/p>","protected":false},"featured_media":4724,"comment_status":"open","ping_status":"closed","template":"","meta":{"site-sidebar-layout":"default","site-content-layout":"default","ast-site-content-layout":"default","site-content-style":"default","site-sidebar-style":"default","ast-global-header-display":"","ast-banner-title-visibility":"","ast-main-header-display":"","ast-hfb-above-header-display":"","ast-hfb-below-header-display":"","ast-hfb-mobile-header-display":"","site-post-title":"","ast-breadcrumbs-content":"","ast-featured-img":"","footer-sml-layout":"","theme-transparent-header-meta":"default","adv-header-id-meta":"","stick-header-meta":"","header-above-stick-meta":"","header-main-stick-meta":"","header-below-stick-meta":"","astra-migrate-meta-layouts":"set","ast-page-background-enabled":"default","ast-page-background-meta":{"desktop":{"background-color":"","background-image":"","background-repeat":"repeat","background-position":"center center","background-size":"auto","background-attachment":"scroll","background-type":"","background-media":"","overlay-type":"","overlay-color":"","overlay-opacity":"","overlay-gradient":""},"tablet":{"background-color":"","background-image":"","background-repeat":"repeat","background-position":"center center","background-size":"auto","background-attachment":"scroll","background-type":"","background-media":"","overlay-type":"","overlay-color":"","overlay-opacity":"","overlay-gradient":""},"mobile":{"background-color":"","background-image":"","background-repeat":"repeat","background-position":"center center","background-size":"auto","background-attachment":"scroll","background-type":"","background-media":"","overlay-type":"","overlay-color":"","overlay-opacity":"","overlay-gradient":""}},"ast-content-background-meta":{"desktop":{"background-color":"var(--ast-global-color-5)","background-image":"","background-repeat":"repeat","background-position":"center center","background-size":"auto","background-attachment":"scroll","background-type":"","background-media":"","overlay-type":"","overlay-color":"","overlay-opacity":"","overlay-gradient":""},"tablet":{"background-color":"var(--ast-global-color-5)","background-image":"","background-repeat":"repeat","background-position":"center center","background-size":"auto","background-attachment":"scroll","background-type":"","background-media":"","overlay-type":"","overlay-color":"","overlay-opacity":"","overlay-gradient":""},"mobile":{"background-color":"var(--ast-global-color-5)","background-image":"","background-repeat":"repeat","background-position":"center center","background-size":"auto","background-attachment":"scroll","background-type":"","background-media":"","overlay-type":"","overlay-color":"","overlay-opacity":"","overlay-gradient":""}}},"product_brand":[],"product_cat":[67],"product_tag":[],"class_list":{"0":"post-3118","1":"product","2":"type-product","3":"status-publish","4":"has-post-thumbnail","6":"product_cat-poupees","7":"desktop-align-left","8":"tablet-align-left","9":"mobile-align-left","11":"first","12":"instock","13":"shipping-taxable","14":"purchasable","15":"product-type-simple"},"_links":{"self":[{"href":"https:\/\/piccoloartista.com\/de\/wp-json\/wp\/v2\/product\/3118","targetHints":{"allow":["GET"]}}],"collection":[{"href":"https:\/\/piccoloartista.com\/de\/wp-json\/wp\/v2\/product"}],"about":[{"href":"https:\/\/piccoloartista.com\/de\/wp-json\/wp\/v2\/types\/product"}],"replies":[{"embeddable":true,"href":"https:\/\/piccoloartista.com\/de\/wp-json\/wp\/v2\/comments?post=3118"}],"version-history":[{"count":35,"href":"https:\/\/piccoloartista.com\/de\/wp-json\/wp\/v2\/product\/3118\/revisions"}],"predecessor-version":[{"id":6333,"href":"https:\/\/piccoloartista.com\/de\/wp-json\/wp\/v2\/product\/3118\/revisions\/6333"}],"wp:featuredmedia":[{"embeddable":true,"href":"https:\/\/piccoloartista.com\/de\/wp-json\/wp\/v2\/media\/4724"}],"wp:attachment":[{"href":"https:\/\/piccoloartista.com\/de\/wp-json\/wp\/v2\/media?parent=3118"}],"wp:term":[{"taxonomy":"product_brand","embeddable":true,"href":"https:\/\/piccoloartista.com\/de\/wp-json\/wp\/v2\/product_brand?post=3118"},{"taxonomy":"product_cat","embeddable":true,"href":"https:\/\/piccoloartista.com\/de\/wp-json\/wp\/v2\/product_cat?post=3118"},{"taxonomy":"product_tag","embeddable":true,"href":"https:\/\/piccoloartista.com\/de\/wp-json\/wp\/v2\/product_tag?post=3118"}],"curies":[{"name":"wp","href":"https:\/\/api.w.org\/{rel}","templated":true}]}}