{"id":5017,"date":"2023-03-06T14:29:33","date_gmt":"2023-03-06T13:29:33","guid":{"rendered":"http:\/\/piccoloartista.com\/?post_type=product&#038;p=5017"},"modified":"2025-05-06T09:06:06","modified_gmt":"2025-05-06T07:06:06","slug":"personalisierte-hausillustration","status":"publish","type":"product","link":"https:\/\/piccoloartista.com\/de\/produit\/illustration-personnalisee-de-maison\/","title":{"rendered":"PERSONALISIERTE HAUSILLUSTRATION"},"content":{"rendered":"<p>\u2665 SIE ERHALTEN \u2665<\/p>\n<p>\u2013 \u2013 \u2013 \u2013 \u2013 \u2013 \u2013 \u2013 \u2013 \u2013 \u2013 \u2013 \u2013 \u2013 \u2013 \u2013 \u2013 \u2013 \u2013 \u2013 \u2013 \u2013 \u2013 \u2013 \u2013 \u2013 \u2013 \u2013<\/p>\n<p>Die personalisierte Hausillustration wird ohne zus\u00e4tzliche Kosten per E-Mail als DIGITALE DATEI im JPG-Format in der von Ihnen ben\u00f6tigten Gr\u00f6\u00dfe versendet. Beliebte Optionen sind: A3, A4, 8x10&quot;, 16x20&quot;. Wenn Sie Ihr Portr\u00e4t in einer anderen Gr\u00f6\u00dfe ben\u00f6tigen, kein Problem, lassen Sie es mich einfach wissen!<\/p>\n<p>Sie erhalten eine perfekte digitale Datei, die Sie beliebig oft und auf allen Medienarten (Papier, Poster, Karte, Tassen, Tragetasche usw.) drucken k\u00f6nnen.<\/p>\n<p>Wenn Sie m\u00f6chten, dass Ihr Portr\u00e4t zu Hause gedruckt wird, f\u00fcgen Sie Ihrer Bestellung zus\u00e4tzlich zu Ihrem Portr\u00e4t eine Druckoption (mit oder ohne Rahmen) hinzu: <a href=\"http:\/\/piccoloartista.com\/de\/produkt\/meine-portratdrucke-und-schiffe\/\">MEIN PORTRAIT GEDRUCKT UND VERSENDET<\/a><\/p>\n<p>\u2665 SO BESTELLEN SIE EINE MASSGESCHNEIDERTE HAUSILLUSTRATION \u2665<\/p>\n<p>\u2013 \u2013 \u2013 \u2013 \u2013 \u2013 \u2013 \u2013 \u2013 \u2013 \u2013 \u2013 \u2013 \u2013 \u2013 \u2013 \u2013 \u2013 \u2013 \u2013 \u2013 \u2013 \u2013 \u2013 \u2013 \u2013 \u2013 \u2013<\/p>\n<p>1. Legen Sie das Produkt in den Warenkorb. Wenn Sie es mit einem Portr\u00e4t erg\u00e4nzen m\u00f6chten, finden Sie es im Shop.<\/p>\n<p>2. Schicken Sie mir eine E-Mail an <a href=\"mailto:contactpiccoloartista@gmail.com\">contactpiccoloartista@gmail.com<\/a> mit :<\/p>\n<p>\u2013 die gew\u00fcnschte Gr\u00f6\u00dfe<\/p>\n<p>- die Texte<\/p>\n<p>\u2013 Fotos vom Haus<\/p>\n<p>\u2013 Bitte notieren Sie alle Ihre W\u00fcnsche\/Angaben.<\/p>\n<p>3. Ich werde anfangen, daran zu arbeiten! Sobald die Illustration fertig ist, sende ich sie Ihnen zur Ansicht und w\u00fcnsche etwaige \u00c4nderungen, wenn Sie diese f\u00fcr notwendig erachten.<\/p>\n<p>4. Wenn Sie mit der Illustration des Hauses vollkommen zufrieden sind, sende ich Ihnen die Datei in hoher Aufl\u00f6sung, damit Sie sie selbst ausdrucken k\u00f6nnen, wo und wann Sie m\u00f6chten!<\/p>\n<p>\u2665 SCH\u00d6PFUNGSZEIT \u2665<\/p>\n<p>\u2013 \u2013 \u2013 \u2013 \u2013 \u2013 \u2013 \u2013 \u2013 \u2013 \u2013 \u2013 \u2013 \u2013 \u2013 \u2013 \u2013 \u2013 \u2013 \u2013 \u2013 \u2013 \u2013 \u2013 \u2013 \u2013 \u2013 \u2013 \u2013<\/p>\n<p>Die aktuelle Erstellungszeit betr\u00e4gt 8 Tage ab Eingang der Bestellung.<\/p>\n<p>Wenn Sie Ihre personalisierte Hausillustration in k\u00fcrzerer Zeit ben\u00f6tigen, f\u00fcgen Sie das Produkt hinzu \u2013 <a href=\"http:\/\/piccoloartista.com\/de\/produkt\/mein-portrat-ist-in-48-stunden-fertig\/\">MEIN PORTR\u00c4T IN PRIORIT\u00c4T<\/a> \u2013 Ihrer Bestellung zus\u00e4tzlich zu Ihrem Portr\u00e4t Vorrang zu geben und es innerhalb von 48 Stunden zu erhalten<\/p>\n<p>\u2665 BEDINGUNGEN \u2665<\/p>\n<p>\u2013 \u2013 \u2013 \u2013 \u2013 \u2013 \u2013 \u2013 \u2013 \u2013 \u2013 \u2013 \u2013 \u2013 \u2013 \u2013 \u2013 \u2013 \u2013 \u2013 \u2013 \u2013 \u2013 \u2013 \u2013 \u2013 \u2013 \u2013 \u2013<\/p>\n<p>Sie k\u00f6nnen gerne so viele Exemplare ausdrucken, wie Sie m\u00f6chten, nur f\u00fcr den pers\u00f6nlichen Gebrauch.<\/p>\n<p>Ein Weiterverkauf\/kommerzielle Nutzung ist nicht gestattet.<\/p>","protected":false},"excerpt":{"rendered":"<p>In Ihren bezaubernden H\u00e4usern stecken Geschichte, Erinnerungen und vor allem Emotionen.<\/p>\n<p>Ich werde f\u00fcr Sie eine personalisierte Illustration eines Hauses anhand eines Fotos voller Erinnerungen f\u00fcr Sie selbst oder als Geschenk zeichnen!<\/p>\n<p>Sie k\u00f6nnen die Hauszeichnung mit einem personalisierten Portr\u00e4t kombinieren, um ein einzigartiges Ergebnis voller sch\u00f6ner Erinnerungen zu erzielen!<\/p>\n<p>+++ ERSTELLUNGSZEIT: 8 TAGE +++<\/p>","protected":false},"featured_media":5013,"comment_status":"open","ping_status":"closed","template":"","meta":{"site-sidebar-layout":"default","site-content-layout":"default","ast-site-content-layout":"default","site-content-style":"default","site-sidebar-style":"default","ast-global-header-display":"","ast-banner-title-visibility":"","ast-main-header-display":"","ast-hfb-above-header-display":"","ast-hfb-below-header-display":"","ast-hfb-mobile-header-display":"","site-post-title":"","ast-breadcrumbs-content":"","ast-featured-img":"","footer-sml-layout":"","theme-transparent-header-meta":"default","adv-header-id-meta":"","stick-header-meta":"","header-above-stick-meta":"","header-main-stick-meta":"","header-below-stick-meta":"","astra-migrate-meta-layouts":"set","ast-page-background-enabled":"default","ast-page-background-meta":{"desktop":{"background-color":"","background-image":"","background-repeat":"repeat","background-position":"center center","background-size":"auto","background-attachment":"scroll","background-type":"","background-media":"","overlay-type":"","overlay-color":"","overlay-opacity":"","overlay-gradient":""},"tablet":{"background-color":"","background-image":"","background-repeat":"repeat","background-position":"center center","background-size":"auto","background-attachment":"scroll","background-type":"","background-media":"","overlay-type":"","overlay-color":"","overlay-opacity":"","overlay-gradient":""},"mobile":{"background-color":"","background-image":"","background-repeat":"repeat","background-position":"center center","background-size":"auto","background-attachment":"scroll","background-type":"","background-media":"","overlay-type":"","overlay-color":"","overlay-opacity":"","overlay-gradient":""}},"ast-content-background-meta":{"desktop":{"background-color":"var(--ast-global-color-5)","background-image":"","background-repeat":"repeat","background-position":"center center","background-size":"auto","background-attachment":"scroll","background-type":"","background-media":"","overlay-type":"","overlay-color":"","overlay-opacity":"","overlay-gradient":""},"tablet":{"background-color":"var(--ast-global-color-5)","background-image":"","background-repeat":"repeat","background-position":"center center","background-size":"auto","background-attachment":"scroll","background-type":"","background-media":"","overlay-type":"","overlay-color":"","overlay-opacity":"","overlay-gradient":""},"mobile":{"background-color":"var(--ast-global-color-5)","background-image":"","background-repeat":"repeat","background-position":"center center","background-size":"auto","background-attachment":"scroll","background-type":"","background-media":"","overlay-type":"","overlay-color":"","overlay-opacity":"","overlay-gradient":""}}},"product_brand":[],"product_cat":[56],"product_tag":[85],"class_list":{"0":"post-5017","1":"product","2":"type-product","3":"status-publish","4":"has-post-thumbnail","6":"product_cat-portraits","7":"product_tag-illustration-personnalisee-de-maison","8":"desktop-align-left","9":"tablet-align-left","10":"mobile-align-left","12":"first","13":"instock","14":"virtual","15":"purchasable","16":"product-type-simple"},"_links":{"self":[{"href":"https:\/\/piccoloartista.com\/de\/wp-json\/wp\/v2\/product\/5017","targetHints":{"allow":["GET"]}}],"collection":[{"href":"https:\/\/piccoloartista.com\/de\/wp-json\/wp\/v2\/product"}],"about":[{"href":"https:\/\/piccoloartista.com\/de\/wp-json\/wp\/v2\/types\/product"}],"replies":[{"embeddable":true,"href":"https:\/\/piccoloartista.com\/de\/wp-json\/wp\/v2\/comments?post=5017"}],"version-history":[{"count":2,"href":"https:\/\/piccoloartista.com\/de\/wp-json\/wp\/v2\/product\/5017\/revisions"}],"predecessor-version":[{"id":5019,"href":"https:\/\/piccoloartista.com\/de\/wp-json\/wp\/v2\/product\/5017\/revisions\/5019"}],"wp:featuredmedia":[{"embeddable":true,"href":"https:\/\/piccoloartista.com\/de\/wp-json\/wp\/v2\/media\/5013"}],"wp:attachment":[{"href":"https:\/\/piccoloartista.com\/de\/wp-json\/wp\/v2\/media?parent=5017"}],"wp:term":[{"taxonomy":"product_brand","embeddable":true,"href":"https:\/\/piccoloartista.com\/de\/wp-json\/wp\/v2\/product_brand?post=5017"},{"taxonomy":"product_cat","embeddable":true,"href":"https:\/\/piccoloartista.com\/de\/wp-json\/wp\/v2\/product_cat?post=5017"},{"taxonomy":"product_tag","embeddable":true,"href":"https:\/\/piccoloartista.com\/de\/wp-json\/wp\/v2\/product_tag?post=5017"}],"curies":[{"name":"wp","href":"https:\/\/api.w.org\/{rel}","templated":true}]}}