{"id":5049,"date":"2023-03-29T15:07:30","date_gmt":"2023-03-29T13:07:30","guid":{"rendered":"http:\/\/piccoloartista.com\/?post_type=product&#038;p=5049"},"modified":"2024-01-14T11:14:30","modified_gmt":"2024-01-14T10:14:30","slug":"option-meine-portratrahmen-und-versand-weiser-rahmen-2","status":"publish","type":"product","link":"https:\/\/piccoloartista.com\/de\/produit\/option-mon-portrait-encadre-et-expedie-cadre-blanc-2\/","title":{"rendered":"OPTION: MEIN PORTR\u00c4T GERAHMT UND VERSENDET (WEISSER RAHMEN)"},"content":{"rendered":"","protected":false},"excerpt":{"rendered":"<p>Wenn Sie Ihr personalisiertes Portr\u00e4t zu Hause ausgedruckt und fertig zum Aufh\u00e4ngen an der Wand erhalten m\u00f6chten, komplett mit einem wei\u00dfen Rahmen, f\u00fcgen Sie dieses Produkt zus\u00e4tzlich zum Portr\u00e4t zu Ihrer Bestellung hinzu.<\/p>\n<p>Sie k\u00f6nnen zwischen mehreren Gr\u00f6\u00dfen w\u00e4hlen, die Sie im Dropdown-Men\u00fc finden.<\/p>\n<p><strong>Die Lieferung ist kostenlos und kann zwischen 1 und 2 Wochen nach der Validierung des Portr\u00e4ts dauern.<\/strong><\/p>\n<p>In diesem Artikel geht es nicht um die Erstellung des Portr\u00e4ts.<\/p>","protected":false},"featured_media":4659,"comment_status":"open","ping_status":"closed","template":"","meta":{"site-sidebar-layout":"default","site-content-layout":"default","ast-site-content-layout":"default","site-content-style":"default","site-sidebar-style":"default","ast-global-header-display":"","ast-banner-title-visibility":"","ast-main-header-display":"","ast-hfb-above-header-display":"","ast-hfb-below-header-display":"","ast-hfb-mobile-header-display":"","site-post-title":"","ast-breadcrumbs-content":"","ast-featured-img":"","footer-sml-layout":"","theme-transparent-header-meta":"default","adv-header-id-meta":"","stick-header-meta":"","header-above-stick-meta":"","header-main-stick-meta":"","header-below-stick-meta":"","astra-migrate-meta-layouts":"set","ast-page-background-enabled":"default","ast-page-background-meta":{"desktop":{"background-color":"","background-image":"","background-repeat":"repeat","background-position":"center center","background-size":"auto","background-attachment":"scroll","background-type":"","background-media":"","overlay-type":"","overlay-color":"","overlay-opacity":"","overlay-gradient":""},"tablet":{"background-color":"","background-image":"","background-repeat":"repeat","background-position":"center center","background-size":"auto","background-attachment":"scroll","background-type":"","background-media":"","overlay-type":"","overlay-color":"","overlay-opacity":"","overlay-gradient":""},"mobile":{"background-color":"","background-image":"","background-repeat":"repeat","background-position":"center center","background-size":"auto","background-attachment":"scroll","background-type":"","background-media":"","overlay-type":"","overlay-color":"","overlay-opacity":"","overlay-gradient":""}},"ast-content-background-meta":{"desktop":{"background-color":"var(--ast-global-color-5)","background-image":"","background-repeat":"repeat","background-position":"center center","background-size":"auto","background-attachment":"scroll","background-type":"","background-media":"","overlay-type":"","overlay-color":"","overlay-opacity":"","overlay-gradient":""},"tablet":{"background-color":"var(--ast-global-color-5)","background-image":"","background-repeat":"repeat","background-position":"center center","background-size":"auto","background-attachment":"scroll","background-type":"","background-media":"","overlay-type":"","overlay-color":"","overlay-opacity":"","overlay-gradient":""},"mobile":{"background-color":"var(--ast-global-color-5)","background-image":"","background-repeat":"repeat","background-position":"center center","background-size":"auto","background-attachment":"scroll","background-type":"","background-media":"","overlay-type":"","overlay-color":"","overlay-opacity":"","overlay-gradient":""}}},"product_brand":[],"product_cat":[88],"product_tag":[],"class_list":{"0":"post-5049","1":"product","2":"type-product","3":"status-publish","4":"has-post-thumbnail","6":"product_cat-impressions","7":"desktop-align-left","8":"tablet-align-left","9":"mobile-align-left","11":"first","12":"instock","13":"shipping-taxable","14":"purchasable","15":"product-type-variable"},"_links":{"self":[{"href":"https:\/\/piccoloartista.com\/de\/wp-json\/wp\/v2\/product\/5049","targetHints":{"allow":["GET"]}}],"collection":[{"href":"https:\/\/piccoloartista.com\/de\/wp-json\/wp\/v2\/product"}],"about":[{"href":"https:\/\/piccoloartista.com\/de\/wp-json\/wp\/v2\/types\/product"}],"replies":[{"embeddable":true,"href":"https:\/\/piccoloartista.com\/de\/wp-json\/wp\/v2\/comments?post=5049"}],"version-history":[{"count":1,"href":"https:\/\/piccoloartista.com\/de\/wp-json\/wp\/v2\/product\/5049\/revisions"}],"predecessor-version":[{"id":5060,"href":"https:\/\/piccoloartista.com\/de\/wp-json\/wp\/v2\/product\/5049\/revisions\/5060"}],"wp:featuredmedia":[{"embeddable":true,"href":"https:\/\/piccoloartista.com\/de\/wp-json\/wp\/v2\/media\/4659"}],"wp:attachment":[{"href":"https:\/\/piccoloartista.com\/de\/wp-json\/wp\/v2\/media?parent=5049"}],"wp:term":[{"taxonomy":"product_brand","embeddable":true,"href":"https:\/\/piccoloartista.com\/de\/wp-json\/wp\/v2\/product_brand?post=5049"},{"taxonomy":"product_cat","embeddable":true,"href":"https:\/\/piccoloartista.com\/de\/wp-json\/wp\/v2\/product_cat?post=5049"},{"taxonomy":"product_tag","embeddable":true,"href":"https:\/\/piccoloartista.com\/de\/wp-json\/wp\/v2\/product_tag?post=5049"}],"curies":[{"name":"wp","href":"https:\/\/api.w.org\/{rel}","templated":true}]}}