{"id":5543,"date":"2024-03-25T13:58:01","date_gmt":"2024-03-25T12:58:01","guid":{"rendered":"http:\/\/piccoloartista.com\/?page_id=5543"},"modified":"2024-04-05T11:17:44","modified_gmt":"2024-04-05T09:17:44","slug":"blog","status":"publish","type":"page","link":"https:\/\/piccoloartista.com\/en\/blog\/","title":{"rendered":"Blog"},"content":{"rendered":"\t\t<div data-elementor-type=\"wp-page\" data-elementor-id=\"5543\" class=\"elementor elementor-5543\">\n\t\t\t\t\t\t<section class=\"elementor-section elementor-top-section elementor-element elementor-element-713f9df elementor-section-boxed elementor-section-height-default elementor-section-height-default wpr-particle-no wpr-jarallax-no wpr-parallax-no wpr-sticky-section-no\" data-id=\"713f9df\" data-element_type=\"section\" data-e-type=\"section\">\n\t\t\t\t\t\t<div class=\"elementor-container elementor-column-gap-default\">\n\t\t\t\t\t<div class=\"elementor-column elementor-col-100 elementor-top-column elementor-element elementor-element-25d7420\" data-id=\"25d7420\" data-element_type=\"column\" data-e-type=\"column\">\n\t\t\t<div class=\"elementor-widget-wrap elementor-element-populated\">\n\t\t\t\t\t\t<section class=\"elementor-section elementor-inner-section elementor-element elementor-element-af05038 elementor-section-boxed elementor-section-height-default elementor-section-height-default wpr-particle-no wpr-jarallax-no wpr-parallax-no wpr-sticky-section-no\" data-id=\"af05038\" data-element_type=\"section\" data-e-type=\"section\">\n\t\t\t\t\t\t<div class=\"elementor-container elementor-column-gap-default\">\n\t\t\t\t\t<div class=\"elementor-column elementor-col-50 elementor-inner-column elementor-element elementor-element-997b4d7\" data-id=\"997b4d7\" data-element_type=\"column\" data-e-type=\"column\">\n\t\t\t<div class=\"elementor-widget-wrap\">\n\t\t\t\t\t\t\t<\/div>\n\t\t<\/div>\n\t\t\t\t<div class=\"elementor-column elementor-col-50 elementor-inner-column elementor-element elementor-element-8800dd3\" data-id=\"8800dd3\" data-element_type=\"column\" data-e-type=\"column\">\n\t\t\t<div class=\"elementor-widget-wrap\">\n\t\t\t\t\t\t\t<\/div>\n\t\t<\/div>\n\t\t\t\t\t<\/div>\n\t\t<\/section>\n\t\t\t\t\t<\/div>\n\t\t<\/div>\n\t\t\t\t\t<\/div>\n\t\t<\/section>\n\t\t\t\t<section class=\"elementor-section elementor-top-section elementor-element elementor-element-4501ae791 elementor-section-boxed elementor-section-height-default elementor-section-height-default wpr-particle-no wpr-jarallax-no wpr-parallax-no wpr-sticky-section-no\" data-id=\"4501ae791\" data-element_type=\"section\" data-e-type=\"section\">\n\t\t\t\t\t\t<div class=\"elementor-container elementor-column-gap-default\">\n\t\t\t\t\t<div class=\"elementor-column elementor-col-100 elementor-top-column elementor-element elementor-element-d6e2e64\" data-id=\"d6e2e64\" data-element_type=\"column\" data-e-type=\"column\">\n\t\t\t<div class=\"elementor-widget-wrap elementor-element-populated\">\n\t\t\t\t\t\t<div class=\"elementor-element elementor-element-3d8fc5c wpr-grid-columns-3 wpr-grid-columns--tablet2 wpr-grid-columns--mobile1 wpr-grid-pagination-center wpr-item-styles-inner elementor-widget elementor-widget-wpr-grid\" data-id=\"3d8fc5c\" data-element_type=\"widget\" data-e-type=\"widget\" data-widget_type=\"wpr-grid.default\">\n\t\t\t\t<div class=\"elementor-widget-container\">\n\t\t\t\t\t<ul class=\"wpr-grid-filters elementor-clearfix wpr-grid-filters-sep-left\"><li class=\" wpr-pointer-none wpr-pointer-line-fx wpr-pointer-fx-none\"><span  data-filter=\"*\" class=\"wpr-grid-filters-item wpr-active-filter \">All Work<\/span><\/li><li class=\" wpr-pointer-none wpr-pointer-line-fx wpr-pointer-fx-none\"><em class=\"wpr-grid-filters-sep\">\/<\/em><span   data-ajax-filter=[\"category\",\"peluche-du-dessin\"]  data-filter=\".category-peluche-du-dessin\">peluche du dessin<\/span><\/li><li class=\" wpr-pointer-none wpr-pointer-line-fx wpr-pointer-fx-none\"><em class=\"wpr-grid-filters-sep\">\/<\/em><span   data-ajax-filter=[\"category\",\"peluche-entreprise\"]  data-filter=\".category-peluche-entreprise\">peluche entreprise<\/span><\/li><li class=\" wpr-pointer-none wpr-pointer-line-fx wpr-pointer-fx-none\"><em class=\"wpr-grid-filters-sep\">\/<\/em><span   data-ajax-filter=[\"category\",\"portraits-personnalises\"]  data-filter=\".category-portraits-personnalises\">portraits personnalis\u00e9s<\/span><\/li><\/ul><section class=\"wpr-grid elementor-clearfix\" data-settings=\"{&quot;layout&quot;:&quot;fitRows&quot;,&quot;stick_last_element_to_bottom&quot;:&quot;&quot;,&quot;columns_desktop&quot;:&quot;3&quot;,&quot;gutter_hr&quot;:15,&quot;gutter_hr_mobile&quot;:15,&quot;gutter_hr_mobile_extra&quot;:15,&quot;gutter_hr_tablet&quot;:15,&quot;gutter_hr_tablet_extra&quot;:15,&quot;gutter_hr_laptop&quot;:15,&quot;gutter_hr_widescreen&quot;:15,&quot;gutter_vr&quot;:15,&quot;gutter_vr_mobile&quot;:15,&quot;gutter_vr_mobile_extra&quot;:15,&quot;gutter_vr_tablet&quot;:15,&quot;gutter_vr_tablet_extra&quot;:15,&quot;gutter_vr_laptop&quot;:15,&quot;gutter_vr_widescreen&quot;:15,&quot;animation&quot;:&quot;default&quot;,&quot;animation_duration&quot;:0.3,&quot;animation_delay&quot;:0.1,&quot;deeplinking&quot;:&quot;&quot;,&quot;filters_linkable&quot;:&quot;no&quot;,&quot;filters_default_filter&quot;:&quot;&quot;,&quot;filters_count&quot;:&quot;&quot;,&quot;filters_hide_empty&quot;:&quot;yes&quot;,&quot;filters_animation&quot;:&quot;default&quot;,&quot;filters_animation_duration&quot;:0.3,&quot;filters_animation_delay&quot;:0.1,&quot;pagination_type&quot;:&quot;load-more&quot;,&quot;pagination_max_pages&quot;:1,&quot;lightbox&quot;:{&quot;selector&quot;:&quot;.wpr-grid-image-wrap&quot;,&quot;iframeMaxWidth&quot;:&quot;60%&quot;,&quot;hash&quot;:false,&quot;autoplay&quot;:&quot;true&quot;,&quot;pause&quot;:5000,&quot;progressBar&quot;:&quot;true&quot;,&quot;counter&quot;:&quot;true&quot;,&quot;controls&quot;:&quot;true&quot;,&quot;getCaptionFromTitleOrAlt&quot;:&quot;true&quot;,&quot;thumbnail&quot;:&quot;&quot;,&quot;showThumbByDefault&quot;:&quot;&quot;,&quot;share&quot;:&quot;&quot;,&quot;zoom&quot;:&quot;true&quot;,&quot;fullScreen&quot;:&quot;true&quot;,&quot;download&quot;:&quot;true&quot;}}\" data-advanced-filters=\"no\"><article class=\"wpr-grid-item elementor-clearfix post-6505 post type-post status-publish format-standard has-post-thumbnail hentry category-peluche-du-dessin category-peluche-entreprise tag-doudou-dessin-enfant tag-logo-dentreprise-sur-peluche tag-peluche-a-partir-de-dessin tag-peluche-dessin-personnalisee tag-peluche-faite-main tag-transformer-dessin-en-peluche\"><div class=\"wpr-grid-item-inner\"><div class=\"wpr-grid-media-wrap wpr-effect-size-medium \" data-overlay-link=\"yes\"><div class=\"wpr-grid-image-wrap\" data-src=\"https:\/\/piccoloartista.com\/wp-content\/uploads\/elementor\/thumbs\/dibujos-convertidos-en-peluche-rezj81n34iczk3jlpiuuoi6xjzz80lzvlur789oa54.jpg\" data-img-on-hover=\"\"  data-src-secondary=\"\"><img decoding=\"async\" data-no-lazy=\"1\" src=\"https:\/\/piccoloartista.com\/wp-content\/uploads\/elementor\/thumbs\/dibujos-convertidos-en-peluche-rezj81n34iczk3jlpiuuoi6xjzz80lzvlur789oa54.jpg\" alt=\"peluche \u00e0 partir de dessin\" class=\"wpr-anim-timing-ease-default\"><\/div><div class=\"wpr-grid-media-hover wpr-animation-wrap\"><div class=\"wpr-grid-media-hover-bg  wpr-overlay-fade-in wpr-anim-size-large wpr-anim-timing-ease-default wpr-anim-transparency\" data-url=\"https:\/\/piccoloartista.com\/en\/blog-transformer-dessin-enfant-en-peluche\/\"><\/div><div class=\"wpr-cv-container\"><div class=\"wpr-cv-outer\"><div class=\"wpr-cv-inner\"><div class=\"wpr-grid-media-hover-middle elementor-clearfix\"><h2 class=\"wpr-grid-item-title elementor-repeater-item-83c0ab6 wpr-grid-item-display-block wpr-grid-item-align-center wpr-element-fade-in wpr-anim-size-large wpr-anim-timing-ease-default wpr-anim-transparency wpr-pointer-none wpr-pointer-line-fx wpr-pointer-fx-fade\"><div class=\"inner-block\"><a target=\"_self\"  href=\"https:\/\/piccoloartista.com\/en\/blog-transformer-dessin-enfant-en-peluche\/\">Peluche \u00e0 partir de dessin : comment transformer le dessin de votre enfant en peluche ?<\/a><\/div><\/h2><\/div><\/div><\/div><\/div><\/div><\/div><\/div><\/article><article class=\"wpr-grid-item elementor-clearfix post-6486 post type-post status-publish format-standard has-post-thumbnail hentry category-peluche-du-dessin category-peluche-entreprise tag-artisanat-personnalise-pour-entreprises tag-collaboration-artistique-avec-des-entreprises tag-logo-dentreprise-sur-peluche tag-peluche-faite-main\"><div class=\"wpr-grid-item-inner\"><div class=\"wpr-grid-media-wrap wpr-effect-size-medium \" data-overlay-link=\"yes\"><div class=\"wpr-grid-image-wrap\" data-src=\"https:\/\/piccoloartista.com\/wp-content\/uploads\/elementor\/thumbs\/Patricia2-rke9z2hxmd63m5b6r7bl9ion3cgo60zi9n0i48x2e0.jpg\" data-img-on-hover=\"\"  data-src-secondary=\"\"><img decoding=\"async\" data-no-lazy=\"1\" src=\"https:\/\/piccoloartista.com\/wp-content\/uploads\/elementor\/thumbs\/Patricia2-rke9z2hxmd63m5b6r7bl9ion3cgo60zi9n0i48x2e0.jpg\" alt=\"Splugui, la mascotte m\u00e9dicale de Barcelone, devient une peluche sur mesure\" class=\"wpr-anim-timing-ease-default\"><\/div><div class=\"wpr-grid-media-hover wpr-animation-wrap\"><div class=\"wpr-grid-media-hover-bg  wpr-overlay-fade-in wpr-anim-size-large wpr-anim-timing-ease-default wpr-anim-transparency\" data-url=\"https:\/\/piccoloartista.com\/en\/splugui-la-mascotte-du-centre-medic-esplugues-prend-vie-en-peluche\/\"><\/div><div class=\"wpr-cv-container\"><div class=\"wpr-cv-outer\"><div class=\"wpr-cv-inner\"><div class=\"wpr-grid-media-hover-middle elementor-clearfix\"><h2 class=\"wpr-grid-item-title elementor-repeater-item-83c0ab6 wpr-grid-item-display-block wpr-grid-item-align-center wpr-element-fade-in wpr-anim-size-large wpr-anim-timing-ease-default wpr-anim-transparency wpr-pointer-none wpr-pointer-line-fx wpr-pointer-fx-fade\"><div class=\"inner-block\"><a target=\"_self\"  href=\"https:\/\/piccoloartista.com\/en\/splugui-la-mascotte-du-centre-medic-esplugues-prend-vie-en-peluche\/\">Splugui \u2014 La mascotte du Centre M\u00e8dic Esplugues prend vie en peluche<\/a><\/div><\/h2><\/div><\/div><\/div><\/div><\/div><\/div><\/div><\/article><article class=\"wpr-grid-item elementor-clearfix post-5613 post type-post status-publish format-standard has-post-thumbnail hentry category-portraits-personnalises\"><div class=\"wpr-grid-item-inner\"><div class=\"wpr-grid-media-wrap wpr-effect-size-medium \" data-overlay-link=\"yes\"><div class=\"wpr-grid-image-wrap\" data-src=\"https:\/\/piccoloartista.com\/wp-content\/uploads\/elementor\/thumbs\/portrait-de-famille-avec-maison-qo1x2ajhdrwy0yr35cvjw4lbpandb7qrtnf8o19u8o.jpg\" data-img-on-hover=\"\"  data-src-secondary=\"\"><img decoding=\"async\" data-no-lazy=\"1\" src=\"https:\/\/piccoloartista.com\/wp-content\/uploads\/elementor\/thumbs\/portrait-de-famille-avec-maison-qo1x2ajhdrwy0yr35cvjw4lbpandb7qrtnf8o19u8o.jpg\" alt=\"portrait de famille personnalis\u00e9 avec maison\" class=\"wpr-anim-timing-ease-default\"><\/div><div class=\"wpr-grid-media-hover wpr-animation-wrap\"><div class=\"wpr-grid-media-hover-bg  wpr-overlay-fade-in wpr-anim-size-large wpr-anim-timing-ease-default wpr-anim-transparency\" data-url=\"https:\/\/piccoloartista.com\/en\/une-maison-une-famille-un-portrait\/\"><\/div><div class=\"wpr-cv-container\"><div class=\"wpr-cv-outer\"><div class=\"wpr-cv-inner\"><div class=\"wpr-grid-media-hover-middle elementor-clearfix\"><h2 class=\"wpr-grid-item-title elementor-repeater-item-83c0ab6 wpr-grid-item-display-block wpr-grid-item-align-center wpr-element-fade-in wpr-anim-size-large wpr-anim-timing-ease-default wpr-anim-transparency wpr-pointer-none wpr-pointer-line-fx wpr-pointer-fx-fade\"><div class=\"inner-block\"><a target=\"_self\"  href=\"https:\/\/piccoloartista.com\/en\/une-maison-une-famille-un-portrait\/\">Une Maison, une Famille, un Portrait<\/a><\/div><\/h2><\/div><\/div><\/div><\/div><\/div><\/div><\/div><\/article><article class=\"wpr-grid-item elementor-clearfix post-5577 post type-post status-publish format-standard has-post-thumbnail hentry category-peluche-entreprise tag-artisanat-et-identite-de-marque tag-artisanat-personnalise-pour-entreprises tag-collaboration-artistique-avec-des-entreprises tag-creation-de-lien-emotionnel-avec-les-clients tag-creativite-artistique-dans-la-conception-de-peluches tag-logo-dentreprise-sur-peluche tag-peluche-faite-main tag-personnalisation-de-produits-promotionnels tag-valeur-des-details-dans-lartisanat\"><div class=\"wpr-grid-item-inner\"><div class=\"wpr-grid-media-wrap wpr-effect-size-medium \" data-overlay-link=\"yes\"><div class=\"wpr-grid-image-wrap\" data-src=\"https:\/\/piccoloartista.com\/wp-content\/uploads\/elementor\/thumbs\/Sabrine-web-1-qlqbozny4cbdcyq7wgnst628edf6dd5whsh1f42k48.jpg\" data-img-on-hover=\"\"  data-src-secondary=\"\"><img decoding=\"async\" data-no-lazy=\"1\" src=\"https:\/\/piccoloartista.com\/wp-content\/uploads\/elementor\/thumbs\/Sabrine-web-1-qlqbozny4cbdcyq7wgnst628edf6dd5whsh1f42k48.jpg\" alt=\"peluche pour app smartphone\" class=\"wpr-anim-timing-ease-default\"><\/div><div class=\"wpr-grid-media-hover wpr-animation-wrap\"><div class=\"wpr-grid-media-hover-bg  wpr-overlay-fade-in wpr-anim-size-large wpr-anim-timing-ease-default wpr-anim-transparency\" data-url=\"https:\/\/piccoloartista.com\/en\/peluche-sur-mesure-a-partir-du-logo-de-lentreprise-diappymed\/\"><\/div><div class=\"wpr-cv-container\"><div class=\"wpr-cv-outer\"><div class=\"wpr-cv-inner\"><div class=\"wpr-grid-media-hover-middle elementor-clearfix\"><h2 class=\"wpr-grid-item-title elementor-repeater-item-83c0ab6 wpr-grid-item-display-block wpr-grid-item-align-center wpr-element-fade-in wpr-anim-size-large wpr-anim-timing-ease-default wpr-anim-transparency wpr-pointer-none wpr-pointer-line-fx wpr-pointer-fx-fade\"><div class=\"inner-block\"><a target=\"_self\"  href=\"https:\/\/piccoloartista.com\/en\/peluche-sur-mesure-a-partir-du-logo-de-lentreprise-diappymed\/\">Peluche sur mesure \u00e0 partir du logo de l&rsquo;entreprise DiappyMed<\/a><\/div><\/h2><\/div><\/div><\/div><\/div><\/div><\/div><\/div><\/article><article class=\"wpr-grid-item elementor-clearfix post-5563 post type-post status-publish format-standard has-post-thumbnail hentry category-portraits-personnalises tag-cadeau-original-pour-la-fete-des-meres tag-cadeau-personnalise-pour-maman tag-capturer-lessence-de-la-famille-dans-un-dessin tag-celebrer-la-famille-avec-un-portrait-personnalise tag-creer-un-portrait-de-famille-unique tag-dessin-de-famille-personnalise tag-expression-damour-a-travers-un-portrait tag-fete-des-meres-portrait-de-famille tag-humour-dans-les-cadeaux-pour-maman tag-idee-cadeau-unique-pour-maman tag-personnalisation-de-cadeaux-pour-maman tag-portrait-familial-sur-mesure tag-temoigner-son-affection-a-travers-lart tag-titres-personnalises-pour-portraits-de-famille\"><div class=\"wpr-grid-item-inner\"><div class=\"wpr-grid-media-wrap wpr-effect-size-medium \" data-overlay-link=\"yes\"><div class=\"wpr-grid-image-wrap\" data-src=\"https:\/\/piccoloartista.com\/wp-content\/uploads\/elementor\/thumbs\/4-portrait-de-famille-personnalise-qg6owzdqb0nj73s9e34qrrqof54hsdsbkuhkbmqijc.jpg\" data-img-on-hover=\"\"  data-src-secondary=\"https:\/\/piccoloartista.com\/wp-content\/uploads\/elementor\/thumbs\/affiche-de-famille-fete-des-meres-qm97uo3a1fd3hnwwqj5jcajcpamn37lyynatrawtaw.jpg\"><img decoding=\"async\" data-no-lazy=\"1\" src=\"https:\/\/piccoloartista.com\/wp-content\/uploads\/elementor\/thumbs\/4-portrait-de-famille-personnalise-qg6owzdqb0nj73s9e34qrrqof54hsdsbkuhkbmqijc.jpg\" alt=\"affiche de famille personnalis\u00e9e super h\u00e9ros\" class=\"wpr-anim-timing-ease-default\"><\/div><div class=\"wpr-grid-media-hover wpr-animation-wrap\"><div class=\"wpr-grid-media-hover-bg  wpr-overlay-fade-in wpr-anim-size-large wpr-anim-timing-ease-default wpr-anim-transparency\" data-url=\"https:\/\/piccoloartista.com\/en\/idee-cadeau-pour-la-fete-des-meres\/\"><\/div><div class=\"wpr-cv-container\"><div class=\"wpr-cv-outer\"><div class=\"wpr-cv-inner\"><div class=\"wpr-grid-media-hover-middle elementor-clearfix\"><h2 class=\"wpr-grid-item-title elementor-repeater-item-83c0ab6 wpr-grid-item-display-block wpr-grid-item-align-center wpr-element-fade-in wpr-anim-size-large wpr-anim-timing-ease-default wpr-anim-transparency wpr-pointer-none wpr-pointer-line-fx wpr-pointer-fx-fade\"><div class=\"inner-block\"><a target=\"_self\"  href=\"https:\/\/piccoloartista.com\/en\/idee-cadeau-pour-la-fete-des-meres\/\">Id\u00e9e cadeau pour la F\u00eate des m\u00e8res<\/a><\/div><\/h2><\/div><\/div><\/div><\/div><\/div><\/div><\/div><\/article><article class=\"wpr-grid-item elementor-clearfix post-5513 post type-post status-publish format-standard has-post-thumbnail hentry category-peluche-du-dessin\"><div class=\"wpr-grid-item-inner\"><div class=\"wpr-grid-media-wrap wpr-effect-size-medium \" data-overlay-link=\"yes\"><div class=\"wpr-grid-image-wrap\" data-src=\"https:\/\/piccoloartista.com\/wp-content\/uploads\/elementor\/thumbs\/The-binding-of-Isaac-qkdld4dmoyox7a5gtho9cty846nt99qp19ff6nwod4.jpg\" data-img-on-hover=\"\"  data-src-secondary=\"\"><img decoding=\"async\" data-no-lazy=\"1\" src=\"https:\/\/piccoloartista.com\/wp-content\/uploads\/elementor\/thumbs\/The-binding-of-Isaac-qkdld4dmoyox7a5gtho9cty846nt99qp19ff6nwod4.jpg\" alt=\"peluche depuis l&#039;avatar du jeu the binding of Isaac\" class=\"wpr-anim-timing-ease-default\"><\/div><div class=\"wpr-grid-media-hover wpr-animation-wrap\"><div class=\"wpr-grid-media-hover-bg  wpr-overlay-fade-in wpr-anim-size-large wpr-anim-timing-ease-default wpr-anim-transparency\" data-url=\"https:\/\/piccoloartista.com\/en\/realisation-dune-peluche-a-partir-de-lavatar-du-jeu-the-binding-of-isaac\/\"><\/div><div class=\"wpr-cv-container\"><div class=\"wpr-cv-outer\"><div class=\"wpr-cv-inner\"><div class=\"wpr-grid-media-hover-middle elementor-clearfix\"><h2 class=\"wpr-grid-item-title elementor-repeater-item-83c0ab6 wpr-grid-item-display-block wpr-grid-item-align-center wpr-element-fade-in wpr-anim-size-large wpr-anim-timing-ease-default wpr-anim-transparency wpr-pointer-none wpr-pointer-line-fx wpr-pointer-fx-fade\"><div class=\"inner-block\"><a target=\"_self\"  href=\"https:\/\/piccoloartista.com\/en\/realisation-dune-peluche-a-partir-de-lavatar-du-jeu-the-binding-of-isaac\/\">R\u00e9alisation d\u2019une peluche \u00e0 partir de l\u2019avatar du jeu \u00ab\u00a0The binding of Isaac\u00a0\u00bb<\/a><\/div><\/h2><\/div><\/div><\/div><\/div><\/div><\/div><\/div><\/article><\/section>\t\t\t\t<\/div>\n\t\t\t\t<\/div>\n\t\t\t\t\t<\/div>\n\t\t<\/div>\n\t\t\t\t\t<\/div>\n\t\t<\/section>\n\t\t\t\t<\/div>\n\t\t","protected":false},"excerpt":{"rendered":"<p>All Work \/ drawing plush \/ company plush \/ personalized portraits Custom-made plush toy based on the DiappyMed company logo Gift idea for Mother&#039;s Day Making a plush toy based on the avatar of the game &quot;The binding of Isaac&quot;<\/p>","protected":false},"author":1,"featured_media":0,"parent":0,"menu_order":0,"comment_status":"closed","ping_status":"closed","template":"","meta":{"site-sidebar-layout":"no-sidebar","site-content-layout":"page-builder","ast-site-content-layout":"full-width-container","site-content-style":"default","site-sidebar-style":"default","ast-global-header-display":"","ast-banner-title-visibility":"","ast-main-header-display":"","ast-hfb-above-header-display":"","ast-hfb-below-header-display":"","ast-hfb-mobile-header-display":"","site-post-title":"disabled","ast-breadcrumbs-content":"","ast-featured-img":"disabled","footer-sml-layout":"","theme-transparent-header-meta":"","adv-header-id-meta":"","stick-header-meta":"","header-above-stick-meta":"","header-main-stick-meta":"","header-below-stick-meta":"","astra-migrate-meta-layouts":"set","ast-page-background-enabled":"default","ast-page-background-meta":{"desktop":{"background-color":"","background-image":"","background-repeat":"repeat","background-position":"center center","background-size":"auto","background-attachment":"scroll","background-type":"","background-media":"","overlay-type":"","overlay-color":"","overlay-opacity":"","overlay-gradient":""},"tablet":{"background-color":"","background-image":"","background-repeat":"repeat","background-position":"center center","background-size":"auto","background-attachment":"scroll","background-type":"","background-media":"","overlay-type":"","overlay-color":"","overlay-opacity":"","overlay-gradient":""},"mobile":{"background-color":"","background-image":"","background-repeat":"repeat","background-position":"center center","background-size":"auto","background-attachment":"scroll","background-type":"","background-media":"","overlay-type":"","overlay-color":"","overlay-opacity":"","overlay-gradient":""}},"ast-content-background-meta":{"desktop":{"background-color":"var(--ast-global-color-5)","background-image":"","background-repeat":"repeat","background-position":"center center","background-size":"auto","background-attachment":"scroll","background-type":"","background-media":"","overlay-type":"","overlay-color":"","overlay-opacity":"","overlay-gradient":""},"tablet":{"background-color":"var(--ast-global-color-5)","background-image":"","background-repeat":"repeat","background-position":"center center","background-size":"auto","background-attachment":"scroll","background-type":"","background-media":"","overlay-type":"","overlay-color":"","overlay-opacity":"","overlay-gradient":""},"mobile":{"background-color":"var(--ast-global-color-5)","background-image":"","background-repeat":"repeat","background-position":"center center","background-size":"auto","background-attachment":"scroll","background-type":"","background-media":"","overlay-type":"","overlay-color":"","overlay-opacity":"","overlay-gradient":""}},"footnotes":""},"class_list":["post-5543","page","type-page","status-publish","hentry"],"_links":{"self":[{"href":"https:\/\/piccoloartista.com\/en\/wp-json\/wp\/v2\/pages\/5543","targetHints":{"allow":["GET"]}}],"collection":[{"href":"https:\/\/piccoloartista.com\/en\/wp-json\/wp\/v2\/pages"}],"about":[{"href":"https:\/\/piccoloartista.com\/en\/wp-json\/wp\/v2\/types\/page"}],"author":[{"embeddable":true,"href":"https:\/\/piccoloartista.com\/en\/wp-json\/wp\/v2\/users\/1"}],"replies":[{"embeddable":true,"href":"https:\/\/piccoloartista.com\/en\/wp-json\/wp\/v2\/comments?post=5543"}],"version-history":[{"count":4,"href":"https:\/\/piccoloartista.com\/en\/wp-json\/wp\/v2\/pages\/5543\/revisions"}],"predecessor-version":[{"id":5588,"href":"https:\/\/piccoloartista.com\/en\/wp-json\/wp\/v2\/pages\/5543\/revisions\/5588"}],"wp:attachment":[{"href":"https:\/\/piccoloartista.com\/en\/wp-json\/wp\/v2\/media?parent=5543"}],"curies":[{"name":"wp","href":"https:\/\/api.w.org\/{rel}","templated":true}]}}