{"id":3467,"date":"2022-02-08T15:04:59","date_gmt":"2022-02-08T14:04:59","guid":{"rendered":"http:\/\/piccoloartista.com\/?page_id=3467"},"modified":"2022-12-12T18:37:32","modified_gmt":"2022-12-12T17:37:32","slug":"condiciones-generales-de-venta","status":"publish","type":"page","link":"https:\/\/piccoloartista.com\/es\/conditions-generales-de-vente\/","title":{"rendered":"Condiciones generales de venta"},"content":{"rendered":"<div data-elementor-type=\"wp-page\" data-elementor-id=\"3467\" class=\"elementor elementor-3467\">\n\t\t\t\t\t\t<section class=\"elementor-section elementor-top-section elementor-element elementor-element-54cd1b6 elementor-section-boxed elementor-section-height-default elementor-section-height-default wpr-particle-no wpr-jarallax-no wpr-parallax-no wpr-sticky-section-no wpr-equal-height-no\" data-id=\"54cd1b6\" data-element_type=\"section\" data-e-type=\"section\">\n\t\t\t\t\t\t<div class=\"elementor-container elementor-column-gap-default\">\n\t\t\t\t\t<div class=\"elementor-column elementor-col-100 elementor-top-column elementor-element elementor-element-dc0bf3b\" data-id=\"dc0bf3b\" data-element_type=\"column\" data-e-type=\"column\">\n\t\t\t<div class=\"elementor-widget-wrap elementor-element-populated\">\n\t\t\t\t\t\t<div class=\"elementor-element elementor-element-db96f52 elementor-widget elementor-widget-spacer\" data-id=\"db96f52\" data-element_type=\"widget\" data-e-type=\"widget\" data-widget_type=\"spacer.default\">\n\t\t\t\t<div class=\"elementor-widget-container\">\n\t\t\t\t\t\t\t<div class=\"elementor-spacer\">\n\t\t\t<div class=\"elementor-spacer-inner\"><\/div>\n\t\t<\/div>\n\t\t\t\t\t\t<\/div>\n\t\t\t\t<\/div>\n\t\t\t\t<section class=\"elementor-section elementor-inner-section elementor-element elementor-element-cb5ed23 elementor-section-boxed elementor-section-height-default elementor-section-height-default wpr-particle-no wpr-jarallax-no wpr-parallax-no wpr-sticky-section-no wpr-equal-height-no\" data-id=\"cb5ed23\" data-element_type=\"section\" data-e-type=\"section\">\n\t\t\t\t\t\t<div class=\"elementor-container elementor-column-gap-default\">\n\t\t\t\t\t<div class=\"elementor-column elementor-col-50 elementor-inner-column elementor-element elementor-element-d07f033\" data-id=\"d07f033\" data-element_type=\"column\" data-e-type=\"column\">\n\t\t\t<div class=\"elementor-widget-wrap\">\n\t\t\t\t\t\t\t<\/div>\n\t\t<\/div>\n\t\t\t\t<div class=\"elementor-column elementor-col-50 elementor-inner-column elementor-element elementor-element-8728bb5\" data-id=\"8728bb5\" data-element_type=\"column\" data-e-type=\"column\">\n\t\t\t<div class=\"elementor-widget-wrap\">\n\t\t\t\t\t\t\t<\/div>\n\t\t<\/div>\n\t\t\t\t\t<\/div>\n\t\t<\/section>\n\t\t\t\t\t<\/div>\n\t\t<\/div>\n\t\t\t\t\t<\/div>\n\t\t<\/section>\n\t\t\t\t<section class=\"elementor-section elementor-top-section elementor-element elementor-element-5dd46b8 elementor-section-boxed elementor-section-height-default elementor-section-height-default wpr-particle-no wpr-jarallax-no wpr-parallax-no wpr-sticky-section-no wpr-equal-height-no\" data-id=\"5dd46b8\" data-element_type=\"section\" data-e-type=\"section\">\n\t\t\t\t\t\t<div class=\"elementor-container elementor-column-gap-default\">\n\t\t\t\t\t<div class=\"elementor-column elementor-col-100 elementor-top-column elementor-element elementor-element-0ad4837\" data-id=\"0ad4837\" data-element_type=\"column\" data-e-type=\"column\">\n\t\t\t<div class=\"elementor-widget-wrap elementor-element-populated\">\n\t\t\t\t\t\t<div class=\"elementor-element elementor-element-ef932fe elementor-widget elementor-widget-text-editor\" data-id=\"ef932fe\" data-element_type=\"widget\" data-e-type=\"widget\" data-widget_type=\"text-editor.default\">\n\t\t\t\t<div class=\"elementor-widget-container\">\n\t\t\t\t\t\t\t\t\t<p>Informaci\u00f3n<strong> Informaci\u00f3n general sobre el env\u00edo:<\/strong><\/p>\n<p>Las entregas se realizan a trav\u00e9s de mensajer\u00eda con seguimiento.<\/p>\n<p>Los gastos de env\u00edo en la parte inferior de los art\u00edculos vienen indicados por defecto. De hecho, los gastos de env\u00edo se calculan en funci\u00f3n del peso de la mercanc\u00eda.<\/p>\n<p><\/p>\n<p><span lang=\"fr\"><b>Despacho <\/b><br><\/span><\/p>\n<p><span lang=\"fr\">El comprador es responsable de proporcionar una direcci\u00f3n que los transportistas reconozcan como una direcci\u00f3n de entrega. <br><\/span><\/p><p><span lang=\"fr\">Desafortunadamente, no tengo control sobre el env\u00edo una vez que un paquete sale del estudio. <br><\/span><\/p><p><span lang=\"fr\">Si hay alg\u00fan problema con la entrega por razones fuera de nuestro control (la direcci\u00f3n que me proporcionaron no es correcta, problemas dentro de la empresa de env\u00edo, etc.), no me hago responsable de los retrasos en el env\u00edo. <br><\/span><\/p><p><span lang=\"fr\">No soy responsable de los errores cometidos por el transportista, como art\u00edculos retrasados o paquetes perdidos. No soy responsable de los retrasos en el env\u00edo debido a casos fortuitos que est\u00e1n fuera de mi control, como tormentas de nieve \u00e9picas, desastres naturales o cualquier otra circunstancia extraordinaria que cause una interferencia imprevista con las rutas del transportista.<\/span><\/p>\n<p><strong>Informaci\u00f3n sobre el derecho de desistimiento<\/strong><\/p>\n<p>Para los art\u00edculos personalizados, se aplica lo dispuesto en el art\u00edculo L. 121-20-2, 3\u00b0 del C\u00f3digo del Consumo y priva al cliente de su plazo de desistimiento de 7 d\u00edas y devoluci\u00f3n de los art\u00edculos personalizados.<\/p>\n<p>Los pedidos personalizados o personalizados no se pueden cancelar, devolver o cambiar.<\/p>\n<p>Pero no dude en ponerse en contacto conmigo si hay alg\u00fan problema con su pedido.<\/p>\n<p>Dada la naturaleza de estos art\u00edculos, antes del env\u00edo se enviar\u00e1 una foto del producto personalizado para su validaci\u00f3n.<\/p>\n<p><strong>Condiciones de devoluci\u00f3n<\/strong><\/p>\n<p>Los gastos de env\u00edo de la devoluci\u00f3n corren a cargo del comprador. Si el art\u00edculo devuelto no est\u00e1 en las condiciones originales, cualquier p\u00e9rdida de valor es responsabilidad del comprador.<\/p>\n<p><strong>Aduanas e impuestos de importaci\u00f3n<\/strong><\/p>\n<p>Cualquier impuesto de aduana e importaci\u00f3n es responsabilidad de los compradores. No soy responsable de los retrasos causados por la aduana.<\/p>\t\t\t\t\t\t\t\t<\/div>\n\t\t\t\t<\/div>\n\t\t\t\t\t<\/div>\n\t\t<\/div>\n\t\t\t\t\t<\/div>\n\t\t<\/section>\n\t\t\t\t<\/div>","protected":false},"excerpt":{"rendered":"<p>Informaci\u00f3n general de env\u00edo: Las entregas se realizan mediante mensajer\u00eda con seguimiento. Los gastos de env\u00edo en la parte inferior de los art\u00edculos est\u00e1n indicados por defecto. De hecho, los gastos de env\u00edo se calculan en funci\u00f3n del peso de la mercanc\u00eda. Env\u00edo El comprador es responsable de proporcionar una direcci\u00f3n que los transportistas reconozcan como direcci\u00f3n de entrega. Desafortunadamente, no tengo control sobre el env\u00edo una vez que un paquete sale del estudio. Si hay problemas con la entrega por motivos fuera de nuestro control (la direcci\u00f3n que me proporcionaron no es exacta, problemas dentro de la empresa de env\u00edo, etc.), no soy responsable de los retrasos en el env\u00edo. No soy responsable de los errores cometidos por el transportista, como art\u00edculos retrasados o paquetes perdidos. No soy responsable de retrasos en el env\u00edo debido a casos fortuitos que est\u00e1n fuera de mi control, como tormentas de nieve \u00e9picas, desastres naturales o cualquier otra circunstancia extraordinaria que cause interferencias imprevistas con las rutas de los transportistas. Informaci\u00f3n sobre el derecho de desistimiento Para los art\u00edculos personalizados se aplican las disposiciones del art\u00edculo L. 121-20-2, 3\u00b0 del C\u00f3digo del Consumo y privan al cliente de su plazo de desistimiento y devoluci\u00f3n de mercanc\u00edas personalizadas de 7 d\u00edas. Los pedidos personalizados o personalizados no se pueden cancelar, devolver ni cambiar. Pero no dude en ponerse en contacto conmigo si hay alg\u00fan problema con su pedido. Dada la naturaleza de estos art\u00edculos, antes de enviar se enviar\u00e1 una foto del producto personalizado para su validaci\u00f3n. Condiciones de devoluci\u00f3n Los gastos de env\u00edo de devoluci\u00f3n son responsabilidad del comprador. Si el art\u00edculo devuelto no est\u00e1 en su estado original, cualquier p\u00e9rdida de valor es responsabilidad del comprador. Impuestos de aduanas e importaci\u00f3n Cualquier impuesto de aduanas e importaci\u00f3n es responsabilidad de los compradores. No soy responsable de los retrasos causados por la aduana.<\/p>","protected":false},"author":1,"featured_media":0,"parent":0,"menu_order":0,"comment_status":"closed","ping_status":"closed","template":"","meta":{"site-sidebar-layout":"no-sidebar","site-content-layout":"page-builder","ast-site-content-layout":"default","site-content-style":"default","site-sidebar-style":"default","ast-global-header-display":"","ast-banner-title-visibility":"","ast-main-header-display":"","ast-hfb-above-header-display":"","ast-hfb-below-header-display":"","ast-hfb-mobile-header-display":"","site-post-title":"disabled","ast-breadcrumbs-content":"","ast-featured-img":"disabled","footer-sml-layout":"","ast-disable-related-posts":"","theme-transparent-header-meta":"","adv-header-id-meta":"","stick-header-meta":"","header-above-stick-meta":"","header-main-stick-meta":"","header-below-stick-meta":"","astra-migrate-meta-layouts":"default","ast-page-background-enabled":"default","ast-page-background-meta":{"desktop":{"background-color":"","background-image":"","background-repeat":"repeat","background-position":"center center","background-size":"auto","background-attachment":"scroll","background-type":"","background-media":"","overlay-type":"","overlay-color":"","overlay-opacity":"","overlay-gradient":""},"tablet":{"background-color":"","background-image":"","background-repeat":"repeat","background-position":"center center","background-size":"auto","background-attachment":"scroll","background-type":"","background-media":"","overlay-type":"","overlay-color":"","overlay-opacity":"","overlay-gradient":""},"mobile":{"background-color":"","background-image":"","background-repeat":"repeat","background-position":"center center","background-size":"auto","background-attachment":"scroll","background-type":"","background-media":"","overlay-type":"","overlay-color":"","overlay-opacity":"","overlay-gradient":""}},"ast-content-background-meta":{"desktop":{"background-color":"var(--ast-global-color-5)","background-image":"","background-repeat":"repeat","background-position":"center center","background-size":"auto","background-attachment":"scroll","background-type":"","background-media":"","overlay-type":"","overlay-color":"","overlay-opacity":"","overlay-gradient":""},"tablet":{"background-color":"var(--ast-global-color-5)","background-image":"","background-repeat":"repeat","background-position":"center center","background-size":"auto","background-attachment":"scroll","background-type":"","background-media":"","overlay-type":"","overlay-color":"","overlay-opacity":"","overlay-gradient":""},"mobile":{"background-color":"var(--ast-global-color-5)","background-image":"","background-repeat":"repeat","background-position":"center center","background-size":"auto","background-attachment":"scroll","background-type":"","background-media":"","overlay-type":"","overlay-color":"","overlay-opacity":"","overlay-gradient":""}},"footnotes":""},"class_list":["post-3467","page","type-page","status-publish","hentry"],"_links":{"self":[{"href":"https:\/\/piccoloartista.com\/es\/wp-json\/wp\/v2\/pages\/3467","targetHints":{"allow":["GET"]}}],"collection":[{"href":"https:\/\/piccoloartista.com\/es\/wp-json\/wp\/v2\/pages"}],"about":[{"href":"https:\/\/piccoloartista.com\/es\/wp-json\/wp\/v2\/types\/page"}],"author":[{"embeddable":true,"href":"https:\/\/piccoloartista.com\/es\/wp-json\/wp\/v2\/users\/1"}],"replies":[{"embeddable":true,"href":"https:\/\/piccoloartista.com\/es\/wp-json\/wp\/v2\/comments?post=3467"}],"version-history":[{"count":11,"href":"https:\/\/piccoloartista.com\/es\/wp-json\/wp\/v2\/pages\/3467\/revisions"}],"predecessor-version":[{"id":4623,"href":"https:\/\/piccoloartista.com\/es\/wp-json\/wp\/v2\/pages\/3467\/revisions\/4623"}],"wp:attachment":[{"href":"https:\/\/piccoloartista.com\/es\/wp-json\/wp\/v2\/media?parent=3467"}],"curies":[{"name":"wp","href":"https:\/\/api.w.org\/{rel}","templated":true}]}}