{"id":2936,"date":"2022-02-01T12:37:17","date_gmt":"2022-02-01T11:37:17","guid":{"rendered":"http:\/\/piccoloartista.com\/?post_type=product&#038;p=2936"},"modified":"2026-03-18T15:43:49","modified_gmt":"2026-03-18T14:43:49","slug":"retrato-de-familia-personalizado","status":"publish","type":"product","link":"https:\/\/piccoloartista.com\/es\/produit\/portrait-de-famille-personnalise\/","title":{"rendered":"Retrato familiar personalizado \u2014 ilustraci\u00f3n dibujada a mano"},"content":{"rendered":"<div data-elementor-type=\"wp-post\" data-elementor-id=\"2936\" class=\"elementor elementor-2936\">\n\t\t\t\t\t\t<section class=\"elementor-section elementor-top-section elementor-element elementor-element-135158ff elementor-section-boxed elementor-section-height-default elementor-section-height-default wpr-particle-no wpr-jarallax-no wpr-parallax-no wpr-sticky-section-no\" data-id=\"135158ff\" data-element_type=\"section\" data-e-type=\"section\">\n\t\t\t\t\t\t<div class=\"elementor-container elementor-column-gap-default\">\n\t\t\t\t\t<div class=\"elementor-column elementor-col-100 elementor-top-column elementor-element elementor-element-3ec7cc24\" data-id=\"3ec7cc24\" data-element_type=\"column\" data-e-type=\"column\">\n\t\t\t<div class=\"elementor-widget-wrap elementor-element-populated\">\n\t\t\t\t\t\t<div class=\"elementor-element elementor-element-3382144f elementor-widget__width-initial elementor-widget elementor-widget-text-editor\" data-id=\"3382144f\" data-element_type=\"widget\" data-e-type=\"widget\" data-widget_type=\"text-editor.default\">\n\t\t\t\t<div class=\"elementor-widget-container\">\n\t\t\t\t\t\t\t\t\t<p><em>Un retrato familiar personalizado y dibujado a mano es mucho m\u00e1s que un simple regalo. Es un recuerdo ilustrado de tu familia, de tu pareja, de tus seres queridos, plasmado en un estilo gr\u00e1fico elegante y \u00fanico que atesorar\u00e1s durante a\u00f1os.<\/em><\/p><p><strong>\u2665  Lo que recibir\u00e1s \u2665 <\/strong><\/p><p>\u2013 \u2013 \u2013 \u2013 \u2013 \u2013 \u2013 \u2013 \u2013 \u2013 \u2013 \u2013 \u2013 \u2013 \u2013 \u2013 \u2013 \u2013 \u2013 \u2013 \u2013 \u2013 \u2013 \u2013 \u2013 \u2013 \u2013 \u2013 \u2013 \u2013<\/p><p><span style=\"color: #2d2d2d;\">Tu retrato familiar personalizado se entrega en <\/span><b><span style=\"color: #1a1a1a;\">archivo digital de alta resoluci\u00f3n en formato JPG<\/span><\/b><span style=\"color: #2d2d2d;\">, en el tama\u00f1o que necesite: A3, A4, 8\u00d710\u2033, 16\u00d720\u2033 o cualquier otra medida bajo pedido, sin coste adicional.<\/span><\/p><p style=\"line-height: 133%; margin: 5.0pt 0cm 8.0pt 0cm;\"><span style=\"color: #2d2d2d;\">Este archivo digital es ideal para:<\/span><\/p><p style=\"text-indent: -18.0pt; mso-list: l0 level1 lfo1; margin: 2.5pt 0cm 2.5pt 36.0pt;\"><span style=\"mso-list: Ignore;\">\u2022<span style=\"font: 7.0pt 'Times New Roman';\">\u00a0\u00a0\u00a0\u00a0\u00a0\u00a0 <\/span><\/span><b><span style=\"color: #1a1a1a;\">Imprimir en casa<\/span><\/b><span style=\"color: #2d2d2d;\"> o en cualquier imprenta<\/span><\/p><p style=\"text-indent: -18.0pt; mso-list: l0 level1 lfo1; margin: 2.5pt 0cm 2.5pt 36.0pt;\"><span style=\"mso-list: Ignore;\">\u2022<span style=\"font: 7.0pt 'Times New Roman';\">\u00a0\u00a0\u00a0\u00a0\u00a0\u00a0 <\/span><\/span><b><span style=\"color: #1a1a1a;\">Pedir un p\u00f3ster, un cuadro o un lienzo<\/span><\/b><span style=\"color: #2d2d2d;\"> en tu tienda favorita<\/span><\/p><p style=\"text-indent: -18.0pt; mso-list: l0 level1 lfo1; margin: 2.5pt 0cm 2.5pt 36.0pt;\"><span style=\"mso-list: Ignore;\">\u2022<span style=\"font: 7.0pt 'Times New Roman';\">\u00a0\u00a0\u00a0\u00a0\u00a0\u00a0 <\/span><\/span><b><span style=\"color: #1a1a1a;\">Para usar en invitaciones, tarjetas de felicitaci\u00f3n, bolsas de tela y tazas<\/span><\/b><\/p><p style=\"text-indent: -18.0pt; mso-list: l0 level1 lfo1; margin: 2.5pt 0cm 2.5pt 36.0pt;\"><span style=\"mso-list: Ignore;\">\u2022<span style=\"font: 7.0pt 'Times New Roman';\">\u00a0\u00a0\u00a0\u00a0\u00a0\u00a0 <\/span><\/span><b><span style=\"color: #1a1a1a;\">Compartir con toda la familia<\/span><\/b><span style=\"color: #2d2d2d;\"> \u2014 Puede imprimir tantas copias como desee<\/span><\/p><p><em>\u00bfPrefieres recibir tu retrato ya impreso y enmarcado? Solo tienes que a\u00f1adir la opci\u00f3n<\/em> <a href=\"http:\/\/piccoloartista.com\/es\/producto\/mi-retrato-impreso-y-enviado\/\">MI RETRATO IMPRESO Y ENVIADO<\/a> <em>de su pedido.<\/em><\/p><p>\u2665 <strong>\u00bfC\u00f3mo encargar tu retrato familiar personalizado?<\/strong> \u2665<\/p><p>\u2013 \u2013 \u2013 \u2013 \u2013 \u2013 \u2013 \u2013 \u2013 \u2013 \u2013 \u2013 \u2013 \u2013 \u2013 \u2013 \u2013 \u2013 \u2013 \u2013 \u2013 \u2013 \u2013 \u2013 \u2013 \u2013 \u2013 \u2013 \u2013 \u2013<\/p><p>El proceso es sencillo y est\u00e1 totalmente guiado:<\/p><ol><li style=\"list-style-type: none;\"><ol><li><strong>Selecciona el n\u00famero de personas y\/o mascotas <\/strong>(p. ej.: 2 personas + 1 gato = 3 elementos). Si desea incluir su casa, cu\u00e9ntela como 1 elemento adicional.<\/li><\/ol><\/li><\/ol><p>Para m\u00e1s de 10 elementos puedes comprar varios retratos para llegar al total de elementos deseados.<\/p><ol start=\"2\"><li><strong>Haga su pedido <\/strong>en esta p\u00e1gina y, a continuaci\u00f3n, env\u00edame un correo electr\u00f3nico a <a href=\"mailto:contactpiccoloartista@gmail.com\" target=\"_blank\" rel=\"noopener\">contactpiccoloartista@gmail.com<\/a> junto con: el tama\u00f1o deseado, los textos que se deben incluir y una foto de cada persona o animal (no es necesario que aparezcan todos en la misma foto).<\/li><li><strong>Creo una primera versi\u00f3n <\/strong>y se lo env\u00edo para que lo apruebe. Puede solicitar todos los cambios que desee.<\/li><li><strong>Una vez que est\u00e9s 100 % satisfecho\/a, <\/strong>Recibir\u00e1s el archivo final en alta resoluci\u00f3n. Listo para imprimir tantas veces como quieras.\u00a0<\/li><\/ol><p>\u00bfNecesitas tu retrato r\u00e1pidamente? A\u00f1ade la opci\u00f3n <a href=\"http:\/\/piccoloartista.com\/es\/producto\/mi-retrato-listo-en-48h\/\">MI RETRATO EN PRIORIDAD<\/a> para que su pedido se procese con prioridad.<\/p><p>\u2665 <strong>\u00bfEn qu\u00e9 ocasiones se puede regalar un retrato familiar ilustrado?<\/strong> \u2665<\/p><p>\u2013 \u2013 \u2013 \u2013 \u2013 \u2013 \u2013 \u2013 \u2013 \u2013 \u2013 \u2013 \u2013 \u2013 \u2013 \u2013 \u2013 \u2013 \u2013 \u2013 \u2013 \u2013 \u2013 \u2013 \u2013 \u2013 \u2013 \u2013 \u2013 \u2013 \u2013<\/p><p>El retrato personalizado es el regalo ideal para todas las grandes ocasiones de la vida:<\/p><ul><li>Aniversario de boda \u2014 10, 25 o 50 a\u00f1os de vida en com\u00fan: un retrato de la pareja o de toda la familia<\/li><li>Boda: regalo de los novios, retrato de los esposos, recuerdo ilustrado del gran d\u00eda<\/li><li>Nacimiento y bautizo: retrato de los nuevos padres con su beb\u00e9, primer regalo de la familia<\/li><li>Aniversarios especiales \u2014 40, 50, 60 y 80 a\u00f1os: toda la familia reunida en una ilustraci\u00f3n<\/li><li>D\u00eda de la Madre y D\u00eda del Padre: el regalo que realmente llega al coraz\u00f3n, hecho con amor<\/li><li>Jubilaci\u00f3n: foto de grupo con compa\u00f1eros de trabajo o familiares, para celebrar el comienzo de una nueva etapa<\/li><li>Fiesta de inauguraci\u00f3n: un recuerdo ilustrado de la nueva casa con la familia<\/li><li>Navidad: el regalo original bajo el \u00e1rbol que sorprende a todo el mundo<\/li><\/ul><p><em>Unos clientes encargaron este retrato para celebrar las bodas de oro de sus padres, y el resultado los hizo llorar de emoci\u00f3n. Es el tipo de regalo que se cuelga enseguida y del que se sigue hablando a\u00f1os despu\u00e9s.<\/em><\/p><p>\u2665 <strong>\u00bfA qui\u00e9n puedes incluir en tu retrato personalizado? \u2665<\/strong><\/p><p>\u2013 \u2013 \u2013 \u2013 \u2013 \u2013 \u2013 \u2013 \u2013 \u2013 \u2013 \u2013 \u2013 \u2013 \u2013 \u2013 \u2013 \u2013 \u2013 \u2013 \u2013 \u2013 \u2013 \u2013 \u2013 \u2013 \u2013 \u2013 \u2013 \u2013 \u2013<\/p><p>\u00a1No hay l\u00edmites! Dibujo:<\/p><ul><li>Parejas: retratos rom\u00e1nticos, retratos de embarazo, recuerdos de boda<\/li><li>Familias con ni\u00f1os \u2014 de 2 a 14 personas o m\u00e1s<\/li><li>Mascotas: perros, gatos, conejos, caballos y todos los miembros de cuatro patas de la familia<\/li><li>Familias numerosas \u2014 primos, t\u00edos, t\u00edas, abuelos: ya he hecho retratos con hasta 29 personas<\/li><li>Casas y lugares emblem\u00e1ticos: tu casa puede incluirse en el retrato (cuenta como un elemento)<\/li><li>Superh\u00e9roes, temas personalizados: tu familia convertida en superh\u00e9roes, de viaje, en bicicleta\u2026<\/li><\/ul><p>Cada detalle cuenta: el corte de pelo, la ropa, los complementos, la mascota. Ind\u00edcame todo lo que te importe y lo incluir\u00e9.<\/p><p><strong>\u2665 \u00bfPor qu\u00e9 elegir Piccolo Artista? \u2665<\/strong><\/p><p>\u2013 \u2013 \u2013 \u2013 \u2013 \u2013 \u2013 \u2013 \u2013 \u2013 \u2013 \u2013 \u2013 \u2013 \u2013 \u2013 \u2013 \u2013 \u2013 \u2013 \u2013 \u2013 \u2013 \u2013 \u2013 \u2013 \u2013 \u2013 \u2013 \u2013 \u2013<\/p><ul><li>\u270f\ufe0f Dibujado \u00edntegramente a mano: sin plantillas, sin impresi\u00f3n industrial, sin IA generativa. Cada retrato es \u00fanico.<\/li><li>\u2b50 Puntuaci\u00f3n de 4,99\/5 basada en 92 opiniones verificadas \u2014 de clientes de Francia, Italia, Espa\u00f1a, Alemania, B\u00e9lgica, Reino Unido y Estados Unidos<\/li><li>\ud83c\udf0d Servicio disponible en 6 idiomas: haz tu pedido en el idioma que prefieras<\/li><li>\u23f1 Plazo de fabricaci\u00f3n: 8 d\u00edas \u2014 con opci\u00f3n expr\u00e9s de 48 horas disponible<\/li><li>\ud83d\udcac Acompa\u00f1amiento personalizado por correo electr\u00f3nico: te comunicar\u00e1s directamente conmigo, Wilma, en cada etapa<\/li><li>\ud83d\udd04 Modificaciones incluidas: seguir\u00e9 retoc\u00e1ndolo hasta que quedes totalmente satisfecho<\/li><li>\ud83d\udcd0 Tama\u00f1o flexible: archivo digital que se puede utilizar en cualquier tama\u00f1o, sin coste adicional<\/li><\/ul><p><em>\u00abPiccolo Artista cuenta con 335 rese\u00f1as en Google con una puntuaci\u00f3n de 5,0\/5 y clientes en cuatro continentes. Detr\u00e1s de cada retrato hay una sola persona \u2014Wilma\u2014 y una promesa: tu plena satisfacci\u00f3n antes de la entrega final.\u00bb<\/em><\/p><p>\u2665 <strong>T\u00e9rminos<\/strong> \u2665<\/p><p>\u2013 \u2013 \u2013 \u2013 \u2013 \u2013 \u2013 \u2013 \u2013 \u2013 \u2013 \u2013 \u2013 \u2013 \u2013 \u2013 \u2013 \u2013 \u2013 \u2013 \u2013 \u2013 \u2013 \u2013 \u2013 \u2013 \u2013 \u2013 \u2013 \u2013 \u2013<\/p><p>Si\u00e9ntase libre de imprimir tantas copias como desee solo para uso personal.<\/p><p>No se permite la reventa\/uso comercial.<\/p>\t\t\t\t\t\t\t\t<\/div>\n\t\t\t\t<\/div>\n\t\t\t\t\t<\/div>\n\t\t<\/div>\n\t\t\t\t\t<\/div>\n\t\t<\/section>\n\t\t\t\t<section class=\"elementor-section elementor-top-section elementor-element elementor-element-73cf164 elementor-section-boxed elementor-section-height-default elementor-section-height-default wpr-particle-no wpr-jarallax-no wpr-parallax-no wpr-sticky-section-no\" data-id=\"73cf164\" data-element_type=\"section\" data-e-type=\"section\">\n\t\t\t\t\t\t<div class=\"elementor-container elementor-column-gap-default\">\n\t\t\t\t\t<div class=\"elementor-column elementor-col-100 elementor-top-column elementor-element elementor-element-5f2066c\" data-id=\"5f2066c\" data-element_type=\"column\" data-e-type=\"column\">\n\t\t\t<div class=\"elementor-widget-wrap elementor-element-populated\">\n\t\t\t\t\t\t<div class=\"elementor-element elementor-element-c884fb6 elementor-widget elementor-widget-heading\" data-id=\"c884fb6\" data-element_type=\"widget\" data-e-type=\"widget\" data-widget_type=\"heading.default\">\n\t\t\t\t<div class=\"elementor-widget-container\">\n\t\t\t\t\t<h2 class=\"elementor-heading-title elementor-size-default\">Preguntas frecuentes \u2014 retrato familiar personalizado<\/h2>\t\t\t\t<\/div>\n\t\t\t\t<\/div>\n\t\t\t\t\t<\/div>\n\t\t<\/div>\n\t\t\t\t\t<\/div>\n\t\t<\/section>\n\t\t\t\t<section class=\"elementor-section elementor-top-section elementor-element elementor-element-e81e134 elementor-section-boxed elementor-section-height-default elementor-section-height-default wpr-particle-no wpr-jarallax-no wpr-parallax-no wpr-sticky-section-no\" data-id=\"e81e134\" data-element_type=\"section\" data-e-type=\"section\">\n\t\t\t\t\t\t<div class=\"elementor-container elementor-column-gap-default\">\n\t\t\t\t\t<div class=\"elementor-column elementor-col-100 elementor-top-column elementor-element elementor-element-62ad696\" data-id=\"62ad696\" data-element_type=\"column\" data-e-type=\"column\">\n\t\t\t<div class=\"elementor-widget-wrap elementor-element-populated\">\n\t\t\t\t\t\t<div class=\"elementor-element elementor-element-e7e9e12 elementor-widget elementor-widget-toggle\" data-id=\"e7e9e12\" data-element_type=\"widget\" data-e-type=\"widget\" data-widget_type=\"toggle.default\">\n\t\t\t\t<div class=\"elementor-widget-container\">\n\t\t\t\t\t\t\t<div class=\"elementor-toggle\">\n\t\t\t\t\t\t\t<div class=\"elementor-toggle-item\">\n\t\t\t\t\t<div id=\"elementor-tab-title-2431\" class=\"elementor-tab-title\" data-tab=\"1\" role=\"button\" aria-controls=\"elementor-tab-content-2431\" aria-expanded=\"false\">\n\t\t\t\t\t\t\t\t\t\t\t\t<span class=\"elementor-toggle-icon elementor-toggle-icon-left\" aria-hidden=\"true\">\n\t\t\t\t\t\t\t\t\t\t\t\t\t\t\t<span class=\"elementor-toggle-icon-closed\"><i class=\"fas fa-caret-right\"><\/i><\/span>\n\t\t\t\t\t\t\t\t<span class=\"elementor-toggle-icon-opened\"><i class=\"elementor-toggle-icon-opened fas fa-caret-up\"><\/i><\/span>\n\t\t\t\t\t\t\t\t\t\t\t\t\t<\/span>\n\t\t\t\t\t\t\t\t\t\t\t\t<a class=\"elementor-toggle-title\" tabindex=\"0\">\u00bfA cu\u00e1ntas personas puedo incluir en el retrato?<\/a>\n\t\t\t\t\t<\/div>\n\n\t\t\t\t\t<div id=\"elementor-tab-content-2431\" class=\"elementor-tab-content elementor-clearfix\" data-tab=\"1\" role=\"region\" aria-labelledby=\"elementor-tab-title-2431\"><p>No hay un l\u00edmite. El selector de control admite hasta 10 elementos, pero para familias m\u00e1s numerosas puedes combinar varias opciones. Ya he hecho retratos con hasta 29 personas, y cada una de ellas se reconoc\u00eda perfectamente.<\/p><\/div>\n\t\t\t\t<\/div>\n\t\t\t\t\t\t\t<div class=\"elementor-toggle-item\">\n\t\t\t\t\t<div id=\"elementor-tab-title-2432\" class=\"elementor-tab-title\" data-tab=\"2\" role=\"button\" aria-controls=\"elementor-tab-content-2432\" aria-expanded=\"false\">\n\t\t\t\t\t\t\t\t\t\t\t\t<span class=\"elementor-toggle-icon elementor-toggle-icon-left\" aria-hidden=\"true\">\n\t\t\t\t\t\t\t\t\t\t\t\t\t\t\t<span class=\"elementor-toggle-icon-closed\"><i class=\"fas fa-caret-right\"><\/i><\/span>\n\t\t\t\t\t\t\t\t<span class=\"elementor-toggle-icon-opened\"><i class=\"elementor-toggle-icon-opened fas fa-caret-up\"><\/i><\/span>\n\t\t\t\t\t\t\t\t\t\t\t\t\t<\/span>\n\t\t\t\t\t\t\t\t\t\t\t\t<a class=\"elementor-toggle-title\" tabindex=\"0\">\u00bfQu\u00e9 fotos hay que enviar?<\/a>\n\t\t\t\t\t<\/div>\n\n\t\t\t\t\t<div id=\"elementor-tab-content-2432\" class=\"elementor-tab-content elementor-clearfix\" data-tab=\"2\" role=\"region\" aria-labelledby=\"elementor-tab-title-2432\"><p>Basta con unas fotos tomadas con un smartphone. Lo ideal es una foto frontal bastante n\u00edtida del rostro de cada persona. No es necesario que todos salgan en la misma foto; puedes enviar fotos por separado.<\/p><\/div>\n\t\t\t\t<\/div>\n\t\t\t\t\t\t\t<div class=\"elementor-toggle-item\">\n\t\t\t\t\t<div id=\"elementor-tab-title-2433\" class=\"elementor-tab-title\" data-tab=\"3\" role=\"button\" aria-controls=\"elementor-tab-content-2433\" aria-expanded=\"false\">\n\t\t\t\t\t\t\t\t\t\t\t\t<span class=\"elementor-toggle-icon elementor-toggle-icon-left\" aria-hidden=\"true\">\n\t\t\t\t\t\t\t\t\t\t\t\t\t\t\t<span class=\"elementor-toggle-icon-closed\"><i class=\"fas fa-caret-right\"><\/i><\/span>\n\t\t\t\t\t\t\t\t<span class=\"elementor-toggle-icon-opened\"><i class=\"elementor-toggle-icon-opened fas fa-caret-up\"><\/i><\/span>\n\t\t\t\t\t\t\t\t\t\t\t\t\t<\/span>\n\t\t\t\t\t\t\t\t\t\t\t\t<a class=\"elementor-toggle-title\" tabindex=\"0\">\u00bfPuedo solicitar modificaciones?<\/a>\n\t\t\t\t\t<\/div>\n\n\t\t\t\t\t<div id=\"elementor-tab-content-2433\" class=\"elementor-tab-content elementor-clearfix\" data-tab=\"3\" role=\"region\" aria-labelledby=\"elementor-tab-title-2433\"><p>Por supuesto. Antes de entregarte el archivo definitivo, te enviar\u00e9 una versi\u00f3n preliminar para que la revises. Puedes solicitar todas las modificaciones que necesites: peinado, colores, ropa o a\u00f1adir alg\u00fan detalle. Tu satisfacci\u00f3n est\u00e1 garantizada antes de la entrega.<\/p><\/div>\n\t\t\t\t<\/div>\n\t\t\t\t\t\t\t<div class=\"elementor-toggle-item\">\n\t\t\t\t\t<div id=\"elementor-tab-title-2434\" class=\"elementor-tab-title\" data-tab=\"4\" role=\"button\" aria-controls=\"elementor-tab-content-2434\" aria-expanded=\"false\">\n\t\t\t\t\t\t\t\t\t\t\t\t<span class=\"elementor-toggle-icon elementor-toggle-icon-left\" aria-hidden=\"true\">\n\t\t\t\t\t\t\t\t\t\t\t\t\t\t\t<span class=\"elementor-toggle-icon-closed\"><i class=\"fas fa-caret-right\"><\/i><\/span>\n\t\t\t\t\t\t\t\t<span class=\"elementor-toggle-icon-opened\"><i class=\"elementor-toggle-icon-opened fas fa-caret-up\"><\/i><\/span>\n\t\t\t\t\t\t\t\t\t\t\t\t\t<\/span>\n\t\t\t\t\t\t\t\t\t\t\t\t<a class=\"elementor-toggle-title\" tabindex=\"0\">\u00bfEn qu\u00e9 formato recibir\u00e9 el retrato?<\/a>\n\t\t\t\t\t<\/div>\n\n\t\t\t\t\t<div id=\"elementor-tab-content-2434\" class=\"elementor-tab-content elementor-clearfix\" data-tab=\"4\" role=\"region\" aria-labelledby=\"elementor-tab-title-2434\"><p>Recibir\u00e1s por correo electr\u00f3nico un archivo digital JPG de alta resoluci\u00f3n. Est\u00e1 listo para imprimir en cualquier tama\u00f1o: A4, A3, A2 o un formato personalizado. Para una impresi\u00f3n profesional, te recomiendo servicios como Pixartprinting, Photobox o tu imprenta local.<\/p><\/div>\n\t\t\t\t<\/div>\n\t\t\t\t\t\t\t<div class=\"elementor-toggle-item\">\n\t\t\t\t\t<div id=\"elementor-tab-title-2435\" class=\"elementor-tab-title\" data-tab=\"5\" role=\"button\" aria-controls=\"elementor-tab-content-2435\" aria-expanded=\"false\">\n\t\t\t\t\t\t\t\t\t\t\t\t<span class=\"elementor-toggle-icon elementor-toggle-icon-left\" aria-hidden=\"true\">\n\t\t\t\t\t\t\t\t\t\t\t\t\t\t\t<span class=\"elementor-toggle-icon-closed\"><i class=\"fas fa-caret-right\"><\/i><\/span>\n\t\t\t\t\t\t\t\t<span class=\"elementor-toggle-icon-opened\"><i class=\"elementor-toggle-icon-opened fas fa-caret-up\"><\/i><\/span>\n\t\t\t\t\t\t\t\t\t\t\t\t\t<\/span>\n\t\t\t\t\t\t\t\t\t\t\t\t<a class=\"elementor-toggle-title\" tabindex=\"0\">\u00bfPuedo regalar este retrato como regalo de boda o de cumplea\u00f1os sin que el destinatario lo sepa?<\/a>\n\t\t\t\t\t<\/div>\n\n\t\t\t\t\t<div id=\"elementor-tab-content-2435\" class=\"elementor-tab-content elementor-clearfix\" data-tab=\"5\" role=\"region\" aria-labelledby=\"elementor-tab-title-2435\"><p>Por supuesto. Realiza el pedido como de costumbre e imprime t\u00fa mismo el retrato que recibir\u00e1s por correo electr\u00f3nico para regal\u00e1rselo. Si deseas que se env\u00ede ya impreso directamente al destinatario, a\u00f1ade la opci\u00f3n de impresi\u00f3n a tu pedido indicando una direcci\u00f3n de entrega diferente.<\/p><\/div>\n\t\t\t\t<\/div>\n\t\t\t\t\t\t\t<div class=\"elementor-toggle-item\">\n\t\t\t\t\t<div id=\"elementor-tab-title-2436\" class=\"elementor-tab-title\" data-tab=\"6\" role=\"button\" aria-controls=\"elementor-tab-content-2436\" aria-expanded=\"false\">\n\t\t\t\t\t\t\t\t\t\t\t\t<span class=\"elementor-toggle-icon elementor-toggle-icon-left\" aria-hidden=\"true\">\n\t\t\t\t\t\t\t\t\t\t\t\t\t\t\t<span class=\"elementor-toggle-icon-closed\"><i class=\"fas fa-caret-right\"><\/i><\/span>\n\t\t\t\t\t\t\t\t<span class=\"elementor-toggle-icon-opened\"><i class=\"elementor-toggle-icon-opened fas fa-caret-up\"><\/i><\/span>\n\t\t\t\t\t\t\t\t\t\t\t\t\t<\/span>\n\t\t\t\t\t\t\t\t\t\t\t\t<a class=\"elementor-toggle-title\" tabindex=\"0\">\u00bfPuede el retrato incluir un lugar, una casa o un escenario?<\/a>\n\t\t\t\t\t<\/div>\n\n\t\t\t\t\t<div id=\"elementor-tab-content-2436\" class=\"elementor-tab-content elementor-clearfix\" data-tab=\"6\" role=\"region\" aria-labelledby=\"elementor-tab-title-2436\"><p>S\u00ed. Tu casa, un lugar simb\u00f3lico, un paisaje o un escenario concreto pueden integrarse en el retrato. Solo tienes que indicarlo al realizar el pedido y enviarme una foto del lugar que desees. Cu\u00e9ntalo como un elemento adicional en el selector.<\/p><\/div>\n\t\t\t\t<\/div>\n\t\t\t\t\t\t\t<div class=\"elementor-toggle-item\">\n\t\t\t\t\t<div id=\"elementor-tab-title-2437\" class=\"elementor-tab-title\" data-tab=\"7\" role=\"button\" aria-controls=\"elementor-tab-content-2437\" aria-expanded=\"false\">\n\t\t\t\t\t\t\t\t\t\t\t\t<span class=\"elementor-toggle-icon elementor-toggle-icon-left\" aria-hidden=\"true\">\n\t\t\t\t\t\t\t\t\t\t\t\t\t\t\t<span class=\"elementor-toggle-icon-closed\"><i class=\"fas fa-caret-right\"><\/i><\/span>\n\t\t\t\t\t\t\t\t<span class=\"elementor-toggle-icon-opened\"><i class=\"elementor-toggle-icon-opened fas fa-caret-up\"><\/i><\/span>\n\t\t\t\t\t\t\t\t\t\t\t\t\t<\/span>\n\t\t\t\t\t\t\t\t\t\t\t\t<a class=\"elementor-toggle-title\" tabindex=\"0\">\u00bfSe respeta el plazo de 8 d\u00edas durante las fiestas?<\/a>\n\t\t\t\t\t<\/div>\n\n\t\t\t\t\t<div id=\"elementor-tab-content-2437\" class=\"elementor-tab-content elementor-clearfix\" data-tab=\"7\" role=\"region\" aria-labelledby=\"elementor-tab-title-2437\"><p>Hago todo lo posible por cumplir con los plazos anunciados, incluso en \u00e9pocas de mayor volumen de trabajo. En noviembre y diciembre, recomiendo realizar el pedido con dos semanas de antelaci\u00f3n a la fecha deseada. Para garantizar la entrega en 48 horas, a\u00f1ade la opci\u00f3n de env\u00edo urgente a tu pedido.<\/p><\/div>\n\t\t\t\t<\/div>\n\t\t\t\t\t\t\t\t<\/div>\n\t\t\t\t\t\t<\/div>\n\t\t\t\t<\/div>\n\t\t\t\t\t<\/div>\n\t\t<\/div>\n\t\t\t\t\t<\/div>\n\t\t<\/section>\n\t\t\t\t<\/div>","protected":false},"excerpt":{"rendered":"<p>Un retrato familiar personalizado y dibujado a mano: \u00fanico, con un estilo gr\u00e1fico y profundamente emotivo. Parejas, ni\u00f1os, mascotas, familias numerosas: cada detalle se plasma con esmero. Entrega en formato digital de alta resoluci\u00f3n en 8 d\u00edas. Puntuaci\u00f3n de 4,99\/5 basada en 92 opiniones de clientes.<\/p>\n<p><strong>mira aqu\u00ed <\/strong><a href=\"https:\/\/piccoloartista.com\/es\/galeria\/\" target=\"_blank\" rel=\"noopener\"><strong>muchos ejemplos de retratos<\/strong><\/a><strong> que cre\u00e9.<\/strong><\/p>","protected":false},"featured_media":4580,"comment_status":"open","ping_status":"closed","template":"","meta":{"site-sidebar-layout":"default","site-content-layout":"default","ast-site-content-layout":"default","site-content-style":"default","site-sidebar-style":"default","ast-global-header-display":"","ast-banner-title-visibility":"","ast-main-header-display":"","ast-hfb-above-header-display":"","ast-hfb-below-header-display":"","ast-hfb-mobile-header-display":"","site-post-title":"","ast-breadcrumbs-content":"","ast-featured-img":"","footer-sml-layout":"","theme-transparent-header-meta":"default","adv-header-id-meta":"","stick-header-meta":"","header-above-stick-meta":"","header-main-stick-meta":"","header-below-stick-meta":"","astra-migrate-meta-layouts":"set","ast-page-background-enabled":"default","ast-page-background-meta":{"desktop":{"background-color":"","background-image":"","background-repeat":"repeat","background-position":"center center","background-size":"auto","background-attachment":"scroll","background-type":"","background-media":"","overlay-type":"","overlay-color":"","overlay-opacity":"","overlay-gradient":""},"tablet":{"background-color":"","background-image":"","background-repeat":"repeat","background-position":"center center","background-size":"auto","background-attachment":"scroll","background-type":"","background-media":"","overlay-type":"","overlay-color":"","overlay-opacity":"","overlay-gradient":""},"mobile":{"background-color":"","background-image":"","background-repeat":"repeat","background-position":"center center","background-size":"auto","background-attachment":"scroll","background-type":"","background-media":"","overlay-type":"","overlay-color":"","overlay-opacity":"","overlay-gradient":""}},"ast-content-background-meta":{"desktop":{"background-color":"var(--ast-global-color-5)","background-image":"","background-repeat":"repeat","background-position":"center center","background-size":"auto","background-attachment":"scroll","background-type":"","background-media":"","overlay-type":"","overlay-color":"","overlay-opacity":"","overlay-gradient":""},"tablet":{"background-color":"var(--ast-global-color-5)","background-image":"","background-repeat":"repeat","background-position":"center center","background-size":"auto","background-attachment":"scroll","background-type":"","background-media":"","overlay-type":"","overlay-color":"","overlay-opacity":"","overlay-gradient":""},"mobile":{"background-color":"var(--ast-global-color-5)","background-image":"","background-repeat":"repeat","background-position":"center center","background-size":"auto","background-attachment":"scroll","background-type":"","background-media":"","overlay-type":"","overlay-color":"","overlay-opacity":"","overlay-gradient":""}}},"product_brand":[],"product_cat":[56],"product_tag":[],"class_list":{"0":"post-2936","1":"product","2":"type-product","3":"status-publish","4":"has-post-thumbnail","6":"product_cat-portraits","7":"desktop-align-left","8":"tablet-align-left","9":"mobile-align-left","11":"first","12":"instock","13":"sale","14":"featured","15":"shipping-taxable","16":"purchasable","17":"product-type-variable"},"_links":{"self":[{"href":"https:\/\/piccoloartista.com\/es\/wp-json\/wp\/v2\/product\/2936","targetHints":{"allow":["GET"]}}],"collection":[{"href":"https:\/\/piccoloartista.com\/es\/wp-json\/wp\/v2\/product"}],"about":[{"href":"https:\/\/piccoloartista.com\/es\/wp-json\/wp\/v2\/types\/product"}],"replies":[{"embeddable":true,"href":"https:\/\/piccoloartista.com\/es\/wp-json\/wp\/v2\/comments?post=2936"}],"version-history":[{"count":74,"href":"https:\/\/piccoloartista.com\/es\/wp-json\/wp\/v2\/product\/2936\/revisions"}],"predecessor-version":[{"id":6601,"href":"https:\/\/piccoloartista.com\/es\/wp-json\/wp\/v2\/product\/2936\/revisions\/6601"}],"wp:featuredmedia":[{"embeddable":true,"href":"https:\/\/piccoloartista.com\/es\/wp-json\/wp\/v2\/media\/4580"}],"wp:attachment":[{"href":"https:\/\/piccoloartista.com\/es\/wp-json\/wp\/v2\/media?parent=2936"}],"wp:term":[{"taxonomy":"product_brand","embeddable":true,"href":"https:\/\/piccoloartista.com\/es\/wp-json\/wp\/v2\/product_brand?post=2936"},{"taxonomy":"product_cat","embeddable":true,"href":"https:\/\/piccoloartista.com\/es\/wp-json\/wp\/v2\/product_cat?post=2936"},{"taxonomy":"product_tag","embeddable":true,"href":"https:\/\/piccoloartista.com\/es\/wp-json\/wp\/v2\/product_tag?post=2936"}],"curies":[{"name":"wp","href":"https:\/\/api.w.org\/{rel}","templated":true}]}}