{"id":3021,"date":"2022-02-01T15:26:58","date_gmt":"2022-02-01T14:26:58","guid":{"rendered":"http:\/\/piccoloartista.com\/?post_type=product&#038;p=3021"},"modified":"2025-09-29T19:51:28","modified_gmt":"2025-09-29T17:51:28","slug":"mi-retrato-impreso-y-enviado","status":"publish","type":"product","link":"https:\/\/piccoloartista.com\/es\/produit\/mon-portrait-imprime-et-expedie\/","title":{"rendered":"OPCI\u00d3N: MI RETRATO IMPRESO Y ENVIADO"},"content":{"rendered":"<p>Grosor del papel: 10,3 mils (0,26 mm)<\/p>\n<p>Gramaje del papel: 189 g\/m\u00b2 (5,57 oz\/a\u00f1o\u00b2)<\/p>\n<p>Calidad de impresi\u00f3n Gicl\u00e9e<\/p>\n<p>Opacidad: 94 %<\/p>\n<p>Brillo ISO: 104 %<\/p>","protected":false},"excerpt":{"rendered":"<p>Para recibir su ilustraci\u00f3n impresa, agregue este producto a su pedido adem\u00e1s del retrato.<\/p>\n<p>Puedes elegir entre varios tama\u00f1os que puedes encontrar en el men\u00fa desplegable.<\/p>\n<p>El retrato est\u00e1 impreso en papel mate grueso y duradero. Cada p\u00f3ster est\u00e1 impreso en gicl\u00e9e en papel de archivo sin \u00e1cido, lo que da como resultado impresiones brillantes.<\/p>\n<p><strong>La entrega es gratuita y puede demorar entre 1 y 2 semanas despu\u00e9s de la validaci\u00f3n del retrato.<\/strong><\/p>\n<p>Este art\u00edculo no incluye la creaci\u00f3n del retrato.<\/p>","protected":false},"featured_media":4390,"comment_status":"open","ping_status":"closed","template":"","meta":{"site-sidebar-layout":"default","site-content-layout":"default","ast-site-content-layout":"default","site-content-style":"default","site-sidebar-style":"default","ast-global-header-display":"","ast-banner-title-visibility":"","ast-main-header-display":"","ast-hfb-above-header-display":"","ast-hfb-below-header-display":"","ast-hfb-mobile-header-display":"","site-post-title":"","ast-breadcrumbs-content":"","ast-featured-img":"","footer-sml-layout":"","theme-transparent-header-meta":"default","adv-header-id-meta":"","stick-header-meta":"","header-above-stick-meta":"","header-main-stick-meta":"","header-below-stick-meta":"","astra-migrate-meta-layouts":"set","ast-page-background-enabled":"default","ast-page-background-meta":{"desktop":{"background-color":"","background-image":"","background-repeat":"repeat","background-position":"center center","background-size":"auto","background-attachment":"scroll","background-type":"","background-media":"","overlay-type":"","overlay-color":"","overlay-opacity":"","overlay-gradient":""},"tablet":{"background-color":"","background-image":"","background-repeat":"repeat","background-position":"center center","background-size":"auto","background-attachment":"scroll","background-type":"","background-media":"","overlay-type":"","overlay-color":"","overlay-opacity":"","overlay-gradient":""},"mobile":{"background-color":"","background-image":"","background-repeat":"repeat","background-position":"center center","background-size":"auto","background-attachment":"scroll","background-type":"","background-media":"","overlay-type":"","overlay-color":"","overlay-opacity":"","overlay-gradient":""}},"ast-content-background-meta":{"desktop":{"background-color":"var(--ast-global-color-5)","background-image":"","background-repeat":"repeat","background-position":"center center","background-size":"auto","background-attachment":"scroll","background-type":"","background-media":"","overlay-type":"","overlay-color":"","overlay-opacity":"","overlay-gradient":""},"tablet":{"background-color":"var(--ast-global-color-5)","background-image":"","background-repeat":"repeat","background-position":"center center","background-size":"auto","background-attachment":"scroll","background-type":"","background-media":"","overlay-type":"","overlay-color":"","overlay-opacity":"","overlay-gradient":""},"mobile":{"background-color":"var(--ast-global-color-5)","background-image":"","background-repeat":"repeat","background-position":"center center","background-size":"auto","background-attachment":"scroll","background-type":"","background-media":"","overlay-type":"","overlay-color":"","overlay-opacity":"","overlay-gradient":""}}},"product_brand":[],"product_cat":[88],"product_tag":[86],"class_list":{"0":"post-3021","1":"product","2":"type-product","3":"status-publish","4":"has-post-thumbnail","6":"product_cat-impressions","7":"product_tag-cadre-de-famille","8":"desktop-align-left","9":"tablet-align-left","10":"mobile-align-left","12":"first","13":"instock","14":"shipping-taxable","15":"purchasable","16":"product-type-variable"},"_links":{"self":[{"href":"https:\/\/piccoloartista.com\/es\/wp-json\/wp\/v2\/product\/3021","targetHints":{"allow":["GET"]}}],"collection":[{"href":"https:\/\/piccoloartista.com\/es\/wp-json\/wp\/v2\/product"}],"about":[{"href":"https:\/\/piccoloartista.com\/es\/wp-json\/wp\/v2\/types\/product"}],"replies":[{"embeddable":true,"href":"https:\/\/piccoloartista.com\/es\/wp-json\/wp\/v2\/comments?post=3021"}],"version-history":[{"count":9,"href":"https:\/\/piccoloartista.com\/es\/wp-json\/wp\/v2\/product\/3021\/revisions"}],"predecessor-version":[{"id":5026,"href":"https:\/\/piccoloartista.com\/es\/wp-json\/wp\/v2\/product\/3021\/revisions\/5026"}],"wp:featuredmedia":[{"embeddable":true,"href":"https:\/\/piccoloartista.com\/es\/wp-json\/wp\/v2\/media\/4390"}],"wp:attachment":[{"href":"https:\/\/piccoloartista.com\/es\/wp-json\/wp\/v2\/media?parent=3021"}],"wp:term":[{"taxonomy":"product_brand","embeddable":true,"href":"https:\/\/piccoloartista.com\/es\/wp-json\/wp\/v2\/product_brand?post=3021"},{"taxonomy":"product_cat","embeddable":true,"href":"https:\/\/piccoloartista.com\/es\/wp-json\/wp\/v2\/product_cat?post=3021"},{"taxonomy":"product_tag","embeddable":true,"href":"https:\/\/piccoloartista.com\/es\/wp-json\/wp\/v2\/product_tag?post=3021"}],"curies":[{"name":"wp","href":"https:\/\/api.w.org\/{rel}","templated":true}]}}