{"id":3118,"date":"2022-02-01T20:25:58","date_gmt":"2022-02-01T19:25:58","guid":{"rendered":"http:\/\/piccoloartista.com\/?post_type=product&#038;p=3118"},"modified":"2026-03-02T09:47:04","modified_gmt":"2026-03-02T08:47:04","slug":"la-muneca-de-trapo-que-se-parece-a-ti","status":"publish","type":"product","link":"https:\/\/piccoloartista.com\/es\/produit\/la-poupee-de-chiffon-qui-te-ressemble\/","title":{"rendered":"LA MU\u00d1ECA DE TRAPO QUE SE PARECE A TI"},"content":{"rendered":"<p>\u2665 COMMENT COMMANDER VOS POUP\u00c9ES PERSONNALIS\u00c9E \u2665<\/p>\n<p>\u2013 \u2013 \u2013 \u2013 \u2013 \u2013 \u2013 \u2013 \u2013 \u2013 \u2013 \u2013 \u2013 \u2013 \u2013 \u2013 \u2013 \u2013 \u2013 \u2013 \u2013 \u2013 \u2013 \u2013 \u2013 \u2013 \u2013 \u2013 \u2013 \u2013<\/p>\n<ol>\n<li>Elige el n\u00famero de elementos para componer tu familia.<\/li>\n<\/ol>\n<p>&nbsp;<\/p>\n<ol start=\"2\">\n<li>Env\u00edame un correo electr\u00f3nico a <a href=\"mailto:contactpiccoloartista@gmail.com\">contactpiccoloartista@gmail.com<\/a> especificando para cada mu\u00f1eca:<\/li>\n<\/ol>\n<p>\u2013 La talla deseada (adulto, ni\u00f1o, beb\u00e9)<\/p>\n<p>\u2013 El color de ojos, cabello y ropa.<\/p>\n<p>\u2013 Las fotos de cada persona\/animal que quieras<\/p>\n<p>\u2013 cualquier informaci\u00f3n o detalle que creas \u00fatil para crear la mu\u00f1eca (accesorio, pasiones,\u2026).<\/p>\n<p>&nbsp;<\/p>\n<ol start=\"3\">\n<li>\u00a1Comenzar\u00e9 a trabajar en ello! Cuando las mu\u00f1ecas est\u00e9n listas te enviar\u00e9 una foto para que las valides antes de enviarlas.<\/li>\n<\/ol>\n<p>&nbsp;<\/p>\n<p>\u2665 DETAILS \u2665<\/p>\n<p>\u2013 \u2013 \u2013 \u2013 \u2013 \u2013 \u2013 \u2013 \u2013 \u2013 \u2013 \u2013 \u2013 \u2013 \u2013 \u2013 \u2013 \u2013 \u2013 \u2013 \u2013 \u2013 \u2013 \u2013 \u2013 \u2013 \u2013 \u2013 \u2013 \u2013<\/p>\n<p>La mu\u00f1eca adulta mide aproximadamente 30 cm de altura.<\/p>\n<p>El ni\u00f1o y el animal miden aproximadamente 25 cm.<\/p>\n<p>El beb\u00e9 mide unos 20 cm.<\/p>\n<p>&nbsp;<\/p>\n<p>Cada mu\u00f1eca es una pieza \u00fanica, hecha a mano con amor. Est\u00e1n creados con tejidos de gran calidad, muy suaves y se cuida cada detalle para hacerlos \u00fanicos. La peque\u00f1a etiqueta trasera se puede usar para colgar la mu\u00f1eca en la pared. Las mu\u00f1ecas est\u00e1n rellenas de guata de poli\u00e9ster.<\/p>\n<p>&nbsp;<\/p>\n<p>Las mu\u00f1ecas vienen en una bolsa de tela reutilizable hecha a mano en lugar de los envases convencionales de papel o pl\u00e1stico y el afortunado destinatario puede reutilizarla una y otra vez. \u00a1Una acci\u00f3n por nuestro planeta y un regalo para ti! Todo enviado por correo rastreado.<\/p>\n<p><strong>mira aqu\u00ed <\/strong><a href=\"https:\/\/piccoloartista.com\/es\/galeria\/\" target=\"_blank\" rel=\"noopener\"><strong>muchos ejemplos de mu\u00f1ecas<\/strong><\/a><strong> que cre\u00e9.<\/strong><\/p>\n<p>&nbsp;<\/p>\n<p>No apto para ni\u00f1os menores de 36 meses. Se recomienda la supervisi\u00f3n de un adulto.<\/p>","protected":false},"excerpt":{"rendered":"<p>Una mu\u00f1eca personalizada hecha a mano a partir de tus fotos o de amigos y familiares es un regalo destinado a ser un \u00e9xito y ser\u00e1 apreciado toda la vida.<\/p>\n<p>\u00a1Puedes crear tu propia familia de mu\u00f1ecas ordenando adultos, ni\u00f1os, beb\u00e9s e incluso animales!<\/p>\n<p><strong>mira aqu\u00ed <\/strong><a href=\"https:\/\/piccoloartista.com\/es\/galeria\/\" target=\"_blank\" rel=\"noopener\"><strong>muchos ejemplos de mu\u00f1ecas <\/strong><\/a><strong>que cre\u00e9.<\/strong><\/p>\n<p>&nbsp;<\/p>","protected":false},"featured_media":4724,"comment_status":"open","ping_status":"closed","template":"","meta":{"site-sidebar-layout":"default","site-content-layout":"default","ast-site-content-layout":"default","site-content-style":"default","site-sidebar-style":"default","ast-global-header-display":"","ast-banner-title-visibility":"","ast-main-header-display":"","ast-hfb-above-header-display":"","ast-hfb-below-header-display":"","ast-hfb-mobile-header-display":"","site-post-title":"","ast-breadcrumbs-content":"","ast-featured-img":"","footer-sml-layout":"","theme-transparent-header-meta":"default","adv-header-id-meta":"","stick-header-meta":"","header-above-stick-meta":"","header-main-stick-meta":"","header-below-stick-meta":"","astra-migrate-meta-layouts":"set","ast-page-background-enabled":"default","ast-page-background-meta":{"desktop":{"background-color":"","background-image":"","background-repeat":"repeat","background-position":"center center","background-size":"auto","background-attachment":"scroll","background-type":"","background-media":"","overlay-type":"","overlay-color":"","overlay-opacity":"","overlay-gradient":""},"tablet":{"background-color":"","background-image":"","background-repeat":"repeat","background-position":"center center","background-size":"auto","background-attachment":"scroll","background-type":"","background-media":"","overlay-type":"","overlay-color":"","overlay-opacity":"","overlay-gradient":""},"mobile":{"background-color":"","background-image":"","background-repeat":"repeat","background-position":"center center","background-size":"auto","background-attachment":"scroll","background-type":"","background-media":"","overlay-type":"","overlay-color":"","overlay-opacity":"","overlay-gradient":""}},"ast-content-background-meta":{"desktop":{"background-color":"var(--ast-global-color-5)","background-image":"","background-repeat":"repeat","background-position":"center center","background-size":"auto","background-attachment":"scroll","background-type":"","background-media":"","overlay-type":"","overlay-color":"","overlay-opacity":"","overlay-gradient":""},"tablet":{"background-color":"var(--ast-global-color-5)","background-image":"","background-repeat":"repeat","background-position":"center center","background-size":"auto","background-attachment":"scroll","background-type":"","background-media":"","overlay-type":"","overlay-color":"","overlay-opacity":"","overlay-gradient":""},"mobile":{"background-color":"var(--ast-global-color-5)","background-image":"","background-repeat":"repeat","background-position":"center center","background-size":"auto","background-attachment":"scroll","background-type":"","background-media":"","overlay-type":"","overlay-color":"","overlay-opacity":"","overlay-gradient":""}}},"product_brand":[],"product_cat":[67],"product_tag":[],"class_list":{"0":"post-3118","1":"product","2":"type-product","3":"status-publish","4":"has-post-thumbnail","6":"product_cat-poupees","7":"desktop-align-left","8":"tablet-align-left","9":"mobile-align-left","11":"first","12":"instock","13":"shipping-taxable","14":"purchasable","15":"product-type-simple"},"_links":{"self":[{"href":"https:\/\/piccoloartista.com\/es\/wp-json\/wp\/v2\/product\/3118","targetHints":{"allow":["GET"]}}],"collection":[{"href":"https:\/\/piccoloartista.com\/es\/wp-json\/wp\/v2\/product"}],"about":[{"href":"https:\/\/piccoloartista.com\/es\/wp-json\/wp\/v2\/types\/product"}],"replies":[{"embeddable":true,"href":"https:\/\/piccoloartista.com\/es\/wp-json\/wp\/v2\/comments?post=3118"}],"version-history":[{"count":35,"href":"https:\/\/piccoloartista.com\/es\/wp-json\/wp\/v2\/product\/3118\/revisions"}],"predecessor-version":[{"id":6333,"href":"https:\/\/piccoloartista.com\/es\/wp-json\/wp\/v2\/product\/3118\/revisions\/6333"}],"wp:featuredmedia":[{"embeddable":true,"href":"https:\/\/piccoloartista.com\/es\/wp-json\/wp\/v2\/media\/4724"}],"wp:attachment":[{"href":"https:\/\/piccoloartista.com\/es\/wp-json\/wp\/v2\/media?parent=3118"}],"wp:term":[{"taxonomy":"product_brand","embeddable":true,"href":"https:\/\/piccoloartista.com\/es\/wp-json\/wp\/v2\/product_brand?post=3118"},{"taxonomy":"product_cat","embeddable":true,"href":"https:\/\/piccoloartista.com\/es\/wp-json\/wp\/v2\/product_cat?post=3118"},{"taxonomy":"product_tag","embeddable":true,"href":"https:\/\/piccoloartista.com\/es\/wp-json\/wp\/v2\/product_tag?post=3118"}],"curies":[{"name":"wp","href":"https:\/\/api.w.org\/{rel}","templated":true}]}}