{"id":5017,"date":"2023-03-06T14:29:33","date_gmt":"2023-03-06T13:29:33","guid":{"rendered":"http:\/\/piccoloartista.com\/?post_type=product&#038;p=5017"},"modified":"2025-05-06T09:06:06","modified_gmt":"2025-05-06T07:06:06","slug":"ilustracion-personalizada-de-la-casa","status":"publish","type":"product","link":"https:\/\/piccoloartista.com\/es\/produit\/illustration-personnalisee-de-maison\/","title":{"rendered":"ILUSTRACI\u00d3N DE CASA PERSONALIZADA"},"content":{"rendered":"<p>\u2665 USTED RECIBIR\u00c1 \u2665<\/p>\n<p>\u2013 \u2013 \u2013 \u2013 \u2013 \u2013 \u2013 \u2013 \u2013 \u2013 \u2013 \u2013 \u2013 \u2013 \u2013 \u2013 \u2013 \u2013 \u2013 \u2013 \u2013 \u2013 \u2013 \u2013 \u2013 \u2013 \u2013 \u2013 \u2013 \u2013 \u2013 \u2013 \u2013<\/p>\n<p>Las obras de arte personalizadas se env\u00edan por correo electr\u00f3nico como un ARCHIVO DIGITAL en formato JPG, del tama\u00f1o que necesite, sin costo adicional. Las opciones populares incluyen: A3, A4, 8x10&quot;, 16x20&quot;. Si necesitas tu retrato en otro tama\u00f1o, no hay problema, \u00a1av\u00edsame!<\/p>\n<p>Recibir\u00e1s un archivo digital perfecto para imprimir tantas veces como quieras y en todo tipo de soportes (papel, poster, cartulina, vasos, tote bag, etc.)<\/p>\n<p>SI QUIERES IMPRIMIR TU RETRATO en casa agrega una opci\u00f3n de impresi\u00f3n (con o sin marco) a tu pedido adem\u00e1s de tu retrato: <a href=\"http:\/\/piccoloartista.com\/es\/producto\/mi-retrato-impreso-y-enviado\/\">MI RETRATO IMPRESO Y ENVIADO<\/a><\/p>\n<p>\u2665 C\u00d3MO PEDIR OBRAS DE ARTE PERSONALIZADAS \u2665<\/p>\n<p>\u2013 \u2013 \u2013 \u2013 \u2013 \u2013 \u2013 \u2013 \u2013 \u2013 \u2013 \u2013 \u2013 \u2013 \u2013 \u2013 \u2013 \u2013 \u2013 \u2013 \u2013 \u2013 \u2013 \u2013 \u2013 \u2013 \u2013 \u2013 \u2013 \u2013 \u2013 \u2013 \u2013<\/p>\n<p>1. A\u00f1ade el producto al carrito. Si deseas completarlo con un retrato lo encontrar\u00e1s en la tienda.<\/p>\n<p>2. Env\u00edame un correo electr\u00f3nico a <a href=\"mailto:contactpiccoloartista@gmail.com\">contactpiccoloartista@gmail.com<\/a> con :<\/p>\n<p>\u2013 el tama\u00f1o deseado<\/p>\n<p>- los textos<\/p>\n<p>\u2013 fotos de la casa<\/p>\n<p>\u2013 Escriba todos sus deseos \/ detalles.<\/p>\n<p>3. \u00a1Comenzar\u00e9 a trabajar en ello! Cuando la ilustraci\u00f3n est\u00e9 lista, te la enviar\u00e9 para que la veas y pidas cualquier cambio si lo consideras necesario.<\/p>\n<p>4. Cuando est\u00e9s completamente satisfecho con la ilustraci\u00f3n de la casa, te enviar\u00e9 el archivo en alta resoluci\u00f3n para que lo imprimas t\u00fa mismo donde quieras y cuando quieras!<\/p>\n<p>\u2665 RETRASO DE CREACI\u00d3N \u2665<\/p>\n<p>\u2013 \u2013 \u2013 \u2013 \u2013 \u2013 \u2013 \u2013 \u2013 \u2013 \u2013 \u2013 \u2013 \u2013 \u2013 \u2013 \u2013 \u2013 \u2013 \u2013 \u2013 \u2013 \u2013 \u2013 \u2013 \u2013 \u2013 \u2013 \u2013 \u2013 \u2013 \u2013 \u2013 \u2013<\/p>\n<p>El tiempo de creaci\u00f3n actual es de 8 d\u00edas desde la recepci\u00f3n del pedido.<\/p>\n<p>Si necesitaba tener la ilustraci\u00f3n de su casa personalizada en menos tiempo, agregue el producto: <a href=\"http:\/\/piccoloartista.com\/es\/producto\/mi-retrato-listo-en-48h\/\">MI RETRATO EN PRIORIDAD<\/a> \u2013 a su pedido adem\u00e1s de su retrato para darle prioridad y recibirlo en 48 horas<\/p>\n<p>\u2665 T\u00c9RMINOS \u2665<\/p>\n<p>\u2013 \u2013 \u2013 \u2013 \u2013 \u2013 \u2013 \u2013 \u2013 \u2013 \u2013 \u2013 \u2013 \u2013 \u2013 \u2013 \u2013 \u2013 \u2013 \u2013 \u2013 \u2013 \u2013 \u2013 \u2013 \u2013 \u2013 \u2013 \u2013 \u2013 \u2013 \u2013 \u2013 \u2013<\/p>\n<p>Si\u00e9ntase libre de imprimir tantas copias como desee solo para uso personal.<\/p>\n<p>No se permite la reventa\/uso comercial.<\/p>","protected":false},"excerpt":{"rendered":"<p>En vuestros adorables hogares hay una historia, recuerdos y sobre todo emociones.<\/p>\n<p>Dibujo para ti una ilustraci\u00f3n personalizada de una casa a partir de una foto cargada de recuerdos para ti o para ofrecer!<\/p>\n<p>\u00a1Puedes combinar el dibujo de la casa con un retrato personalizado para obtener un resultado \u00fanico, lleno de tus hermosos recuerdos!<\/p>\n<p>+++ TIEMPO DE CREACI\u00d3N: 8 D\u00cdAS +++<\/p>","protected":false},"featured_media":5013,"comment_status":"open","ping_status":"closed","template":"","meta":{"site-sidebar-layout":"default","site-content-layout":"default","ast-site-content-layout":"default","site-content-style":"default","site-sidebar-style":"default","ast-global-header-display":"","ast-banner-title-visibility":"","ast-main-header-display":"","ast-hfb-above-header-display":"","ast-hfb-below-header-display":"","ast-hfb-mobile-header-display":"","site-post-title":"","ast-breadcrumbs-content":"","ast-featured-img":"","footer-sml-layout":"","theme-transparent-header-meta":"default","adv-header-id-meta":"","stick-header-meta":"","header-above-stick-meta":"","header-main-stick-meta":"","header-below-stick-meta":"","astra-migrate-meta-layouts":"set","ast-page-background-enabled":"default","ast-page-background-meta":{"desktop":{"background-color":"","background-image":"","background-repeat":"repeat","background-position":"center center","background-size":"auto","background-attachment":"scroll","background-type":"","background-media":"","overlay-type":"","overlay-color":"","overlay-opacity":"","overlay-gradient":""},"tablet":{"background-color":"","background-image":"","background-repeat":"repeat","background-position":"center center","background-size":"auto","background-attachment":"scroll","background-type":"","background-media":"","overlay-type":"","overlay-color":"","overlay-opacity":"","overlay-gradient":""},"mobile":{"background-color":"","background-image":"","background-repeat":"repeat","background-position":"center center","background-size":"auto","background-attachment":"scroll","background-type":"","background-media":"","overlay-type":"","overlay-color":"","overlay-opacity":"","overlay-gradient":""}},"ast-content-background-meta":{"desktop":{"background-color":"var(--ast-global-color-5)","background-image":"","background-repeat":"repeat","background-position":"center center","background-size":"auto","background-attachment":"scroll","background-type":"","background-media":"","overlay-type":"","overlay-color":"","overlay-opacity":"","overlay-gradient":""},"tablet":{"background-color":"var(--ast-global-color-5)","background-image":"","background-repeat":"repeat","background-position":"center center","background-size":"auto","background-attachment":"scroll","background-type":"","background-media":"","overlay-type":"","overlay-color":"","overlay-opacity":"","overlay-gradient":""},"mobile":{"background-color":"var(--ast-global-color-5)","background-image":"","background-repeat":"repeat","background-position":"center center","background-size":"auto","background-attachment":"scroll","background-type":"","background-media":"","overlay-type":"","overlay-color":"","overlay-opacity":"","overlay-gradient":""}}},"product_brand":[],"product_cat":[56],"product_tag":[85],"class_list":{"0":"post-5017","1":"product","2":"type-product","3":"status-publish","4":"has-post-thumbnail","6":"product_cat-portraits","7":"product_tag-illustration-personnalisee-de-maison","8":"desktop-align-left","9":"tablet-align-left","10":"mobile-align-left","12":"first","13":"instock","14":"virtual","15":"purchasable","16":"product-type-simple"},"_links":{"self":[{"href":"https:\/\/piccoloartista.com\/es\/wp-json\/wp\/v2\/product\/5017","targetHints":{"allow":["GET"]}}],"collection":[{"href":"https:\/\/piccoloartista.com\/es\/wp-json\/wp\/v2\/product"}],"about":[{"href":"https:\/\/piccoloartista.com\/es\/wp-json\/wp\/v2\/types\/product"}],"replies":[{"embeddable":true,"href":"https:\/\/piccoloartista.com\/es\/wp-json\/wp\/v2\/comments?post=5017"}],"version-history":[{"count":2,"href":"https:\/\/piccoloartista.com\/es\/wp-json\/wp\/v2\/product\/5017\/revisions"}],"predecessor-version":[{"id":5019,"href":"https:\/\/piccoloartista.com\/es\/wp-json\/wp\/v2\/product\/5017\/revisions\/5019"}],"wp:featuredmedia":[{"embeddable":true,"href":"https:\/\/piccoloartista.com\/es\/wp-json\/wp\/v2\/media\/5013"}],"wp:attachment":[{"href":"https:\/\/piccoloartista.com\/es\/wp-json\/wp\/v2\/media?parent=5017"}],"wp:term":[{"taxonomy":"product_brand","embeddable":true,"href":"https:\/\/piccoloartista.com\/es\/wp-json\/wp\/v2\/product_brand?post=5017"},{"taxonomy":"product_cat","embeddable":true,"href":"https:\/\/piccoloartista.com\/es\/wp-json\/wp\/v2\/product_cat?post=5017"},{"taxonomy":"product_tag","embeddable":true,"href":"https:\/\/piccoloartista.com\/es\/wp-json\/wp\/v2\/product_tag?post=5017"}],"curies":[{"name":"wp","href":"https:\/\/api.w.org\/{rel}","templated":true}]}}