{"id":2936,"date":"2022-02-01T12:37:17","date_gmt":"2022-02-01T11:37:17","guid":{"rendered":"http:\/\/piccoloartista.com\/?post_type=product&#038;p=2936"},"modified":"2026-03-18T15:43:49","modified_gmt":"2026-03-18T14:43:49","slug":"ritratto-di-famiglia-personalizzato","status":"publish","type":"product","link":"https:\/\/piccoloartista.com\/it\/produit\/portrait-de-famille-personnalise\/","title":{"rendered":"Ritratto di famiglia personalizzato \u2014 illustrazione disegnata a mano"},"content":{"rendered":"<div data-elementor-type=\"wp-post\" data-elementor-id=\"2936\" class=\"elementor elementor-2936\">\n\t\t\t\t\t\t<section class=\"elementor-section elementor-top-section elementor-element elementor-element-135158ff elementor-section-boxed elementor-section-height-default elementor-section-height-default wpr-particle-no wpr-jarallax-no wpr-parallax-no wpr-sticky-section-no\" data-id=\"135158ff\" data-element_type=\"section\" data-e-type=\"section\">\n\t\t\t\t\t\t<div class=\"elementor-container elementor-column-gap-default\">\n\t\t\t\t\t<div class=\"elementor-column elementor-col-100 elementor-top-column elementor-element elementor-element-3ec7cc24\" data-id=\"3ec7cc24\" data-element_type=\"column\" data-e-type=\"column\">\n\t\t\t<div class=\"elementor-widget-wrap elementor-element-populated\">\n\t\t\t\t\t\t<div class=\"elementor-element elementor-element-3382144f elementor-widget__width-initial elementor-widget elementor-widget-text-editor\" data-id=\"3382144f\" data-element_type=\"widget\" data-e-type=\"widget\" data-widget_type=\"text-editor.default\">\n\t\t\t\t<div class=\"elementor-widget-container\">\n\t\t\t\t\t\t\t\t\t<p><em>Un ritratto di famiglia personalizzato e disegnato a mano \u00e8 molto pi\u00f9 di un semplice regalo. \u00c8 un ricordo illustrato della vostra famiglia, della vostra coppia, dei vostri cari \u2014 immortalato in uno stile grafico elegante e unico, che custodirete con affetto per anni.<\/em><\/p><p><strong>\u2665  Cosa riceverete \u2665 <\/strong><\/p><p>\u2013 \u2013 \u2013 \u2013 \u2013 \u2013 \u2013 \u2013 \u2013 \u2013 \u2013 \u2013 \u2013 \u2013 \u2013 \u2013 \u2013 \u2013 \u2013 \u2013 \u2013 \u2013 \u2013 \u2013 \u2013 \u2013 \u2013 \u2013 \u2013 \u2013<\/p><p><span style=\"color: #2d2d2d;\">Il vostro ritratto di famiglia personalizzato viene consegnato in <\/span><b><span style=\"color: #1a1a1a;\">file digitale ad alta risoluzione in formato JPG<\/span><\/b><span style=\"color: #2d2d2d;\">, nel formato che preferite \u2014 A3, A4, 8\u00d710\u2033, 16\u00d720\u2033 o qualsiasi altra dimensione su richiesta, senza costi aggiuntivi.<\/span><\/p><p style=\"line-height: 133%; margin: 5.0pt 0cm 8.0pt 0cm;\"><span style=\"color: #2d2d2d;\">Questo file digitale \u00e8 perfetto per:<\/span><\/p><p style=\"text-indent: -18.0pt; mso-list: l0 level1 lfo1; margin: 2.5pt 0cm 2.5pt 36.0pt;\"><span style=\"mso-list: Ignore;\">\u2022<span style=\"font: 7.0pt 'Times New Roman';\">\u00a0\u00a0\u00a0\u00a0\u00a0\u00a0 <\/span><\/span><b><span style=\"color: #1a1a1a;\">Stampa da casa<\/span><\/b><span style=\"color: #2d2d2d;\"> o in qualsiasi tipografia<\/span><\/p><p style=\"text-indent: -18.0pt; mso-list: l0 level1 lfo1; margin: 2.5pt 0cm 2.5pt 36.0pt;\"><span style=\"mso-list: Ignore;\">\u2022<span style=\"font: 7.0pt 'Times New Roman';\">\u00a0\u00a0\u00a0\u00a0\u00a0\u00a0 <\/span><\/span><b><span style=\"color: #1a1a1a;\">Ordinare un poster, una cornice o una stampa su tela<\/span><\/b><span style=\"color: #2d2d2d;\"> nel vostro negozio preferito<\/span><\/p><p style=\"text-indent: -18.0pt; mso-list: l0 level1 lfo1; margin: 2.5pt 0cm 2.5pt 36.0pt;\"><span style=\"mso-list: Ignore;\">\u2022<span style=\"font: 7.0pt 'Times New Roman';\">\u00a0\u00a0\u00a0\u00a0\u00a0\u00a0 <\/span><\/span><b><span style=\"color: #1a1a1a;\">Da utilizzare su partecipazioni, biglietti di auguri, borse di tela, tazze<\/span><\/b><\/p><p style=\"text-indent: -18.0pt; mso-list: l0 level1 lfo1; margin: 2.5pt 0cm 2.5pt 36.0pt;\"><span style=\"mso-list: Ignore;\">\u2022<span style=\"font: 7.0pt 'Times New Roman';\">\u00a0\u00a0\u00a0\u00a0\u00a0\u00a0 <\/span><\/span><b><span style=\"color: #1a1a1a;\">Condividi con tutta la famiglia<\/span><\/b><span style=\"color: #2d2d2d;\"> \u2014 potete stampare tutte le copie che volete<\/span><\/p><p><em>Preferite ricevere il vostro ritratto gi\u00e0 stampato e incorniciato? Basta aggiungere l'opzione<\/em> <a href=\"http:\/\/piccoloartista.com\/it\/prodotto\/il-mio-ritratto-stampato-e-spedito\/\">IL MIO RITRATTO STAMPATO E INVIATO<\/a> <em>al vostro ordine.<\/em><\/p><p>\u2665 <strong>Come ordinare il vostro ritratto di famiglia personalizzato?<\/strong> \u2665<\/p><p>\u2013 \u2013 \u2013 \u2013 \u2013 \u2013 \u2013 \u2013 \u2013 \u2013 \u2013 \u2013 \u2013 \u2013 \u2013 \u2013 \u2013 \u2013 \u2013 \u2013 \u2013 \u2013 \u2013 \u2013 \u2013 \u2013 \u2013 \u2013 \u2013 \u2013<\/p><p>La procedura \u00e8 semplice e completamente guidata:<\/p><ol><li style=\"list-style-type: none;\"><ol><li><strong>Scegliete il numero di persone e\/o di animali <\/strong>(es.: 2 persone + 1 gatto = 3 elementi). Se desiderate includere la vostra casa, consideratela come 1 elemento in pi\u00f9.<\/li><\/ol><\/li><\/ol><p>Per pi\u00f9 di 10 elementi puoi ordinare pi\u00f9 ritratti fino ad arrivare al totale desiderato.<\/p><ol start=\"2\"><li><strong>Effettua l'ordine <\/strong>in questa pagina, poi inviami un'e-mail all'indirizzo <a href=\"mailto:contactpiccoloartista@gmail.com\" target=\"_blank\" rel=\"noopener\">contactpiccoloartista@gmail.com<\/a> indicando: le dimensioni desiderate, i testi da inserire, una foto di ogni persona\/animale (non \u00e8 necessario che siano tutti nella stessa foto).<\/li><li><strong>Creo una prima versione <\/strong>e ve la invio per l'approvazione. Potete richiedere tutte le modifiche che desiderate.<\/li><li><strong>Una volta che sarete soddisfatti al 100%, <\/strong>Riceverete il file definitivo in alta risoluzione. Pronto per essere stampato tutte le volte che volete\u00a0<\/li><\/ol><p>Hai bisogno del tuo ritratto in tempi brevi? Aggiungi l'opzione <a href=\"http:\/\/piccoloartista.com\/it\/prodotto\/il-mio-ritratto-pronto-in-48h\/\">IL MIO RITRATTO IN PRIORIT\u00c0<\/a> al vostro ordine per dargli la priorit\u00e0.<\/p><p>\u2665 <strong>In quali occasioni \u00e8 opportuno regalare un ritratto di famiglia illustrato?<\/strong> \u2665<\/p><p>\u2013 \u2013 \u2013 \u2013 \u2013 \u2013 \u2013 \u2013 \u2013 \u2013 \u2013 \u2013 \u2013 \u2013 \u2013 \u2013 \u2013 \u2013 \u2013 \u2013 \u2013 \u2013 \u2013 \u2013 \u2013 \u2013 \u2013 \u2013 \u2013 \u2013 \u2013<\/p><p>Il ritratto personalizzato \u00e8 il regalo perfetto per tutte le occasioni speciali della vita:<\/p><ul><li>Anniversario di matrimonio \u2014 10, 25, 50 anni di vita insieme: un ritratto della coppia o di tutta la famiglia<\/li><li>Matrimonio \u2014 regalo degli sposi, ritratto degli sposi, ricordo illustrato del grande giorno<\/li><li>Nascita e battesimo \u2014 ritratto dei neogenitori con il loro bambino, primo regalo della famiglia<\/li><li>Anniversari importanti \u2014 40, 50, 60, 80 anni: tutta la famiglia riunita in un'illustrazione<\/li><li>Festa della Mamma e Festa del Pap\u00e0 \u2014 il regalo che tocca davvero il cuore, fatto con amore<\/li><li>Pensionamento \u2014 foto di gruppo con i colleghi o i propri cari, per festeggiare l'inizio di una nuova fase<\/li><li>Festa di inaugurazione della nuova casa \u2014 un ricordo illustrato della nuova casa con la famiglia<\/li><li>Natale: il regalo originale sotto l'albero che stupisce tutti<\/li><\/ul><p><em>Alcuni clienti hanno regalato questo ritratto in occasione del 50\u00b0 anniversario di matrimonio dei loro genitori \u2014 e il risultato li ha commossi fino alle lacrime. \u00c8 il tipo di regalo che si appende subito e di cui si parla ancora anni dopo.<\/em><\/p><p>\u2665 <strong>Chi pu\u00f2 comparire nel tuo ritratto personalizzato? \u2665<\/strong><\/p><p>\u2013 \u2013 \u2013 \u2013 \u2013 \u2013 \u2013 \u2013 \u2013 \u2013 \u2013 \u2013 \u2013 \u2013 \u2013 \u2013 \u2013 \u2013 \u2013 \u2013 \u2013 \u2013 \u2013 \u2013 \u2013 \u2013 \u2013 \u2013 \u2013 \u2013 \u2013<\/p><p>Non ci sono limiti! Disegno:<\/p><ul><li>Coppie \u2014 ritratti romantici, ritratti di gravidanza, foto ricordo del matrimonio<\/li><li>Famiglie con bambini \u2014 da 2 a 14 persone e oltre<\/li><li>Animali domestici \u2014 cani, gatti, conigli, cavalli e tutti i membri a quattro zampe della famiglia<\/li><li>Famiglie numerose \u2014 cugini, zii, zie, nonni: ho gi\u00e0 realizzato ritratti con un massimo di 29 persone<\/li><li>Case e luoghi simbolici \u2014 la tua casa pu\u00f2 essere inclusa nel ritratto (conta come 1 elemento)<\/li><li>Supereroi, temi personalizzati \u2014 la tua famiglia nei panni dei supereroi, in viaggio, in bicicletta\u2026<\/li><\/ul><p>Ogni dettaglio conta: taglio di capelli, abbigliamento, accessori, animale domestico. Indicate tutto ci\u00f2 che vi sta a cuore, lo inserir\u00f2 nel disegno.<\/p><p><strong>\u2665 Perch\u00e9 scegliere Piccolo Artista? \u2665<\/strong><\/p><p>\u2013 \u2013 \u2013 \u2013 \u2013 \u2013 \u2013 \u2013 \u2013 \u2013 \u2013 \u2013 \u2013 \u2013 \u2013 \u2013 \u2013 \u2013 \u2013 \u2013 \u2013 \u2013 \u2013 \u2013 \u2013 \u2013 \u2013 \u2013 \u2013 \u2013 \u2013<\/p><ul><li>\u270f\ufe0f Disegnato interamente a mano \u2014 niente modelli, niente stampa industriale, niente IA generativa. Ogni ritratto \u00e8 unico.<\/li><li>\u2b50 Valutazione 4,99\/5 su 92 recensioni verificate \u2014 da clienti in Francia, Italia, Spagna, Germania, Belgio, Regno Unito e Stati Uniti<\/li><li>\ud83c\udf0d Servizio disponibile in 6 lingue \u2014 effettua l'ordine nella lingua che preferisci<\/li><li>\u23f1 Tempi di realizzazione: 8 giorni \u2014 con opzione express in 48 ore disponibile<\/li><li>\ud83d\udd8b Assistenza personalizzata via e-mail \u2014 potrai comunicare direttamente con me, Wilma, in ogni fase del processo<\/li><li>\ud83d\udd04 Modifiche incluse \u2014 continuo a lavorare sul testo finch\u00e9 non sarai completamente soddisfatto\/a<\/li><li>Dimensioni flessibili \u2014 file digitale utilizzabile in qualsiasi formato, senza costi aggiuntivi<\/li><\/ul><p><em>\u00abPiccolo Artista vanta 335 recensioni su Google con una valutazione di 5,0\/5 e clienti in 4 continenti. Dietro ogni ritratto c'\u00e8 una sola persona \u2014 Wilma \u2014 e una promessa: la vostra completa soddisfazione prima della consegna finale.\u00bb<\/em><\/p><p>\u2665 <strong>Condizioni<\/strong> \u2665<\/p><p>\u2013 \u2013 \u2013 \u2013 \u2013 \u2013 \u2013 \u2013 \u2013 \u2013 \u2013 \u2013 \u2013 \u2013 \u2013 \u2013 \u2013 \u2013 \u2013 \u2013 \u2013 \u2013 \u2013 \u2013 \u2013 \u2013 \u2013 \u2013 \u2013 \u2013 \u2013<\/p><p>Puoi stampare tutte le copie che desideri ma solo per uso personale.<\/p><p>Non \u00e8 consentita la rivendita\/uso commerciale.<\/p>\t\t\t\t\t\t\t\t<\/div>\n\t\t\t\t<\/div>\n\t\t\t\t\t<\/div>\n\t\t<\/div>\n\t\t\t\t\t<\/div>\n\t\t<\/section>\n\t\t\t\t<section class=\"elementor-section elementor-top-section elementor-element elementor-element-73cf164 elementor-section-boxed elementor-section-height-default elementor-section-height-default wpr-particle-no wpr-jarallax-no wpr-parallax-no wpr-sticky-section-no\" data-id=\"73cf164\" data-element_type=\"section\" data-e-type=\"section\">\n\t\t\t\t\t\t<div class=\"elementor-container elementor-column-gap-default\">\n\t\t\t\t\t<div class=\"elementor-column elementor-col-100 elementor-top-column elementor-element elementor-element-5f2066c\" data-id=\"5f2066c\" data-element_type=\"column\" data-e-type=\"column\">\n\t\t\t<div class=\"elementor-widget-wrap elementor-element-populated\">\n\t\t\t\t\t\t<div class=\"elementor-element elementor-element-c884fb6 elementor-widget elementor-widget-heading\" data-id=\"c884fb6\" data-element_type=\"widget\" data-e-type=\"widget\" data-widget_type=\"heading.default\">\n\t\t\t\t<div class=\"elementor-widget-container\">\n\t\t\t\t\t<h2 class=\"elementor-heading-title elementor-size-default\">Domande frequenti \u2014 ritratto di famiglia personalizzato<\/h2>\t\t\t\t<\/div>\n\t\t\t\t<\/div>\n\t\t\t\t\t<\/div>\n\t\t<\/div>\n\t\t\t\t\t<\/div>\n\t\t<\/section>\n\t\t\t\t<section class=\"elementor-section elementor-top-section elementor-element elementor-element-e81e134 elementor-section-boxed elementor-section-height-default elementor-section-height-default wpr-particle-no wpr-jarallax-no wpr-parallax-no wpr-sticky-section-no\" data-id=\"e81e134\" data-element_type=\"section\" data-e-type=\"section\">\n\t\t\t\t\t\t<div class=\"elementor-container elementor-column-gap-default\">\n\t\t\t\t\t<div class=\"elementor-column elementor-col-100 elementor-top-column elementor-element elementor-element-62ad696\" data-id=\"62ad696\" data-element_type=\"column\" data-e-type=\"column\">\n\t\t\t<div class=\"elementor-widget-wrap elementor-element-populated\">\n\t\t\t\t\t\t<div class=\"elementor-element elementor-element-e7e9e12 elementor-widget elementor-widget-toggle\" data-id=\"e7e9e12\" data-element_type=\"widget\" data-e-type=\"widget\" data-widget_type=\"toggle.default\">\n\t\t\t\t<div class=\"elementor-widget-container\">\n\t\t\t\t\t\t\t<div class=\"elementor-toggle\">\n\t\t\t\t\t\t\t<div class=\"elementor-toggle-item\">\n\t\t\t\t\t<div id=\"elementor-tab-title-2431\" class=\"elementor-tab-title\" data-tab=\"1\" role=\"button\" aria-controls=\"elementor-tab-content-2431\" aria-expanded=\"false\">\n\t\t\t\t\t\t\t\t\t\t\t\t<span class=\"elementor-toggle-icon elementor-toggle-icon-left\" aria-hidden=\"true\">\n\t\t\t\t\t\t\t\t\t\t\t\t\t\t\t<span class=\"elementor-toggle-icon-closed\"><i class=\"fas fa-caret-right\"><\/i><\/span>\n\t\t\t\t\t\t\t\t<span class=\"elementor-toggle-icon-opened\"><i class=\"elementor-toggle-icon-opened fas fa-caret-up\"><\/i><\/span>\n\t\t\t\t\t\t\t\t\t\t\t\t\t<\/span>\n\t\t\t\t\t\t\t\t\t\t\t\t<a class=\"elementor-toggle-title\" tabindex=\"0\">Quante persone posso includere nel ritratto?<\/a>\n\t\t\t\t\t<\/div>\n\n\t\t\t\t\t<div id=\"elementor-tab-content-2431\" class=\"elementor-tab-content elementor-clearfix\" data-tab=\"1\" role=\"region\" aria-labelledby=\"elementor-tab-title-2431\"><p>Non c'\u00e8 un limite. Il selettore di comando arriva fino a 10 elementi, ma per gruppi pi\u00f9 numerosi \u00e8 possibile combinare diverse opzioni. Ho gi\u00e0 realizzato ritratti con fino a 29 persone \u2014 e ognuna era perfettamente riconoscibile.<\/p><\/div>\n\t\t\t\t<\/div>\n\t\t\t\t\t\t\t<div class=\"elementor-toggle-item\">\n\t\t\t\t\t<div id=\"elementor-tab-title-2432\" class=\"elementor-tab-title\" data-tab=\"2\" role=\"button\" aria-controls=\"elementor-tab-content-2432\" aria-expanded=\"false\">\n\t\t\t\t\t\t\t\t\t\t\t\t<span class=\"elementor-toggle-icon elementor-toggle-icon-left\" aria-hidden=\"true\">\n\t\t\t\t\t\t\t\t\t\t\t\t\t\t\t<span class=\"elementor-toggle-icon-closed\"><i class=\"fas fa-caret-right\"><\/i><\/span>\n\t\t\t\t\t\t\t\t<span class=\"elementor-toggle-icon-opened\"><i class=\"elementor-toggle-icon-opened fas fa-caret-up\"><\/i><\/span>\n\t\t\t\t\t\t\t\t\t\t\t\t\t<\/span>\n\t\t\t\t\t\t\t\t\t\t\t\t<a class=\"elementor-toggle-title\" tabindex=\"0\">Quali foto bisogna inviare?<\/a>\n\t\t\t\t\t<\/div>\n\n\t\t\t\t\t<div id=\"elementor-tab-content-2432\" class=\"elementor-tab-content elementor-clearfix\" data-tab=\"2\" role=\"region\" aria-labelledby=\"elementor-tab-title-2432\"><p>Sono pi\u00f9 che sufficienti delle foto scattate con uno smartphone. L'ideale \u00e8 una foto frontale abbastanza nitida del volto di ogni persona. Non \u00e8 necessario che tutti compaiano nella stessa foto: potete inviare foto separate.<\/p><\/div>\n\t\t\t\t<\/div>\n\t\t\t\t\t\t\t<div class=\"elementor-toggle-item\">\n\t\t\t\t\t<div id=\"elementor-tab-title-2433\" class=\"elementor-tab-title\" data-tab=\"3\" role=\"button\" aria-controls=\"elementor-tab-content-2433\" aria-expanded=\"false\">\n\t\t\t\t\t\t\t\t\t\t\t\t<span class=\"elementor-toggle-icon elementor-toggle-icon-left\" aria-hidden=\"true\">\n\t\t\t\t\t\t\t\t\t\t\t\t\t\t\t<span class=\"elementor-toggle-icon-closed\"><i class=\"fas fa-caret-right\"><\/i><\/span>\n\t\t\t\t\t\t\t\t<span class=\"elementor-toggle-icon-opened\"><i class=\"elementor-toggle-icon-opened fas fa-caret-up\"><\/i><\/span>\n\t\t\t\t\t\t\t\t\t\t\t\t\t<\/span>\n\t\t\t\t\t\t\t\t\t\t\t\t<a class=\"elementor-toggle-title\" tabindex=\"0\">Posso richiedere delle modifiche?<\/a>\n\t\t\t\t\t<\/div>\n\n\t\t\t\t\t<div id=\"elementor-tab-content-2433\" class=\"elementor-tab-content elementor-clearfix\" data-tab=\"3\" role=\"region\" aria-labelledby=\"elementor-tab-title-2433\"><p>Certamente. Prima di consegnarvi il file definitivo, vi invier\u00f2 una bozza per la vostra approvazione. Potrete richiedere tutte le modifiche necessarie: acconciatura, colori, abbigliamento, aggiunta di un dettaglio. La vostra soddisfazione \u00e8 garantita prima della consegna.<\/p><\/div>\n\t\t\t\t<\/div>\n\t\t\t\t\t\t\t<div class=\"elementor-toggle-item\">\n\t\t\t\t\t<div id=\"elementor-tab-title-2434\" class=\"elementor-tab-title\" data-tab=\"4\" role=\"button\" aria-controls=\"elementor-tab-content-2434\" aria-expanded=\"false\">\n\t\t\t\t\t\t\t\t\t\t\t\t<span class=\"elementor-toggle-icon elementor-toggle-icon-left\" aria-hidden=\"true\">\n\t\t\t\t\t\t\t\t\t\t\t\t\t\t\t<span class=\"elementor-toggle-icon-closed\"><i class=\"fas fa-caret-right\"><\/i><\/span>\n\t\t\t\t\t\t\t\t<span class=\"elementor-toggle-icon-opened\"><i class=\"elementor-toggle-icon-opened fas fa-caret-up\"><\/i><\/span>\n\t\t\t\t\t\t\t\t\t\t\t\t\t<\/span>\n\t\t\t\t\t\t\t\t\t\t\t\t<a class=\"elementor-toggle-title\" tabindex=\"0\">In quale formato ricever\u00f2 il ritratto?<\/a>\n\t\t\t\t\t<\/div>\n\n\t\t\t\t\t<div id=\"elementor-tab-content-2434\" class=\"elementor-tab-content elementor-clearfix\" data-tab=\"4\" role=\"region\" aria-labelledby=\"elementor-tab-title-2434\"><p>Riceverete via e-mail un file digitale JPG ad alta risoluzione. \u00c8 pronto per la stampa in qualsiasi formato: A4, A3, A2 o formato personalizzato. Per una stampa professionale, consiglio servizi come Pixartprinting, Photobox o la vostra tipografia di fiducia.<\/p><\/div>\n\t\t\t\t<\/div>\n\t\t\t\t\t\t\t<div class=\"elementor-toggle-item\">\n\t\t\t\t\t<div id=\"elementor-tab-title-2435\" class=\"elementor-tab-title\" data-tab=\"5\" role=\"button\" aria-controls=\"elementor-tab-content-2435\" aria-expanded=\"false\">\n\t\t\t\t\t\t\t\t\t\t\t\t<span class=\"elementor-toggle-icon elementor-toggle-icon-left\" aria-hidden=\"true\">\n\t\t\t\t\t\t\t\t\t\t\t\t\t\t\t<span class=\"elementor-toggle-icon-closed\"><i class=\"fas fa-caret-right\"><\/i><\/span>\n\t\t\t\t\t\t\t\t<span class=\"elementor-toggle-icon-opened\"><i class=\"elementor-toggle-icon-opened fas fa-caret-up\"><\/i><\/span>\n\t\t\t\t\t\t\t\t\t\t\t\t\t<\/span>\n\t\t\t\t\t\t\t\t\t\t\t\t<a class=\"elementor-toggle-title\" tabindex=\"0\">Posso regalare questo ritratto come regalo di nozze o di compleanno senza che il destinatario ne sia a conoscenza?<\/a>\n\t\t\t\t\t<\/div>\n\n\t\t\t\t\t<div id=\"elementor-tab-content-2435\" class=\"elementor-tab-content elementor-clearfix\" data-tab=\"5\" role=\"region\" aria-labelledby=\"elementor-tab-title-2435\"><p>Certo. Effettua l'ordine come di consueto e stampa tu stesso il ritratto che riceverai via e-mail per regalarlo. Se desideri che il ritratto stampato venga consegnato direttamente al destinatario, aggiungi l'opzione di stampa al tuo ordine indicando un indirizzo di consegna diverso.<\/p><\/div>\n\t\t\t\t<\/div>\n\t\t\t\t\t\t\t<div class=\"elementor-toggle-item\">\n\t\t\t\t\t<div id=\"elementor-tab-title-2436\" class=\"elementor-tab-title\" data-tab=\"6\" role=\"button\" aria-controls=\"elementor-tab-content-2436\" aria-expanded=\"false\">\n\t\t\t\t\t\t\t\t\t\t\t\t<span class=\"elementor-toggle-icon elementor-toggle-icon-left\" aria-hidden=\"true\">\n\t\t\t\t\t\t\t\t\t\t\t\t\t\t\t<span class=\"elementor-toggle-icon-closed\"><i class=\"fas fa-caret-right\"><\/i><\/span>\n\t\t\t\t\t\t\t\t<span class=\"elementor-toggle-icon-opened\"><i class=\"elementor-toggle-icon-opened fas fa-caret-up\"><\/i><\/span>\n\t\t\t\t\t\t\t\t\t\t\t\t\t<\/span>\n\t\t\t\t\t\t\t\t\t\t\t\t<a class=\"elementor-toggle-title\" tabindex=\"0\">Il ritratto pu\u00f2 includere un luogo, una casa o un ambiente?<\/a>\n\t\t\t\t\t<\/div>\n\n\t\t\t\t\t<div id=\"elementor-tab-content-2436\" class=\"elementor-tab-content elementor-clearfix\" data-tab=\"6\" role=\"region\" aria-labelledby=\"elementor-tab-title-2436\"><p>S\u00ec. La vostra casa, un luogo simbolico, un paesaggio o uno scenario particolare possono essere inseriti nel ritratto. Basta indicarlo al momento dell'ordine e inviarmi una foto del luogo desiderato. Consideratelo come un elemento aggiuntivo nel selettore.<\/p><\/div>\n\t\t\t\t<\/div>\n\t\t\t\t\t\t\t<div class=\"elementor-toggle-item\">\n\t\t\t\t\t<div id=\"elementor-tab-title-2437\" class=\"elementor-tab-title\" data-tab=\"7\" role=\"button\" aria-controls=\"elementor-tab-content-2437\" aria-expanded=\"false\">\n\t\t\t\t\t\t\t\t\t\t\t\t<span class=\"elementor-toggle-icon elementor-toggle-icon-left\" aria-hidden=\"true\">\n\t\t\t\t\t\t\t\t\t\t\t\t\t\t\t<span class=\"elementor-toggle-icon-closed\"><i class=\"fas fa-caret-right\"><\/i><\/span>\n\t\t\t\t\t\t\t\t<span class=\"elementor-toggle-icon-opened\"><i class=\"elementor-toggle-icon-opened fas fa-caret-up\"><\/i><\/span>\n\t\t\t\t\t\t\t\t\t\t\t\t\t<\/span>\n\t\t\t\t\t\t\t\t\t\t\t\t<a class=\"elementor-toggle-title\" tabindex=\"0\">Il termine di 8 giorni viene rispettato durante le festivit\u00e0?<\/a>\n\t\t\t\t\t<\/div>\n\n\t\t\t\t\t<div id=\"elementor-tab-content-2437\" class=\"elementor-tab-content elementor-clearfix\" data-tab=\"7\" role=\"region\" aria-labelledby=\"elementor-tab-title-2437\"><p>Faccio del mio meglio per rispettare i tempi di consegna indicati, anche nei periodi di maggiore affluenza. Nei mesi di novembre e dicembre, consiglio di effettuare l'ordine con almeno due settimane di anticipo rispetto alla data desiderata. Per una consegna garantita entro 48 ore, aggiungi l'opzione \u201cprioritaria\u201d al tuo ordine.<\/p><\/div>\n\t\t\t\t<\/div>\n\t\t\t\t\t\t\t\t<\/div>\n\t\t\t\t\t\t<\/div>\n\t\t\t\t<\/div>\n\t\t\t\t\t<\/div>\n\t\t<\/div>\n\t\t\t\t\t<\/div>\n\t\t<\/section>\n\t\t\t\t<\/div>","protected":false},"excerpt":{"rendered":"<p>Un ritratto di famiglia personalizzato e disegnato a mano: unico, stilizzato e profondamente commovente. Coppie, bambini, animali, famiglie numerose: ogni dettaglio viene riprodotto con cura. Consegna in formato digitale ad alta risoluzione entro 8 giorni. Valutazione 4,99\/5 basata su 92 recensioni dei clienti.<\/p>\n<p><strong>guarda qui <\/strong><a href=\"https:\/\/piccoloartista.com\/it\/galleria\/\" target=\"_blank\" rel=\"noopener\"><strong>molti esempi di ritratti<\/strong><\/a><strong> che ho creato.<\/strong><\/p>","protected":false},"featured_media":4580,"comment_status":"open","ping_status":"closed","template":"","meta":{"site-sidebar-layout":"default","site-content-layout":"default","ast-site-content-layout":"default","site-content-style":"default","site-sidebar-style":"default","ast-global-header-display":"","ast-banner-title-visibility":"","ast-main-header-display":"","ast-hfb-above-header-display":"","ast-hfb-below-header-display":"","ast-hfb-mobile-header-display":"","site-post-title":"","ast-breadcrumbs-content":"","ast-featured-img":"","footer-sml-layout":"","theme-transparent-header-meta":"default","adv-header-id-meta":"","stick-header-meta":"","header-above-stick-meta":"","header-main-stick-meta":"","header-below-stick-meta":"","astra-migrate-meta-layouts":"set","ast-page-background-enabled":"default","ast-page-background-meta":{"desktop":{"background-color":"","background-image":"","background-repeat":"repeat","background-position":"center center","background-size":"auto","background-attachment":"scroll","background-type":"","background-media":"","overlay-type":"","overlay-color":"","overlay-opacity":"","overlay-gradient":""},"tablet":{"background-color":"","background-image":"","background-repeat":"repeat","background-position":"center center","background-size":"auto","background-attachment":"scroll","background-type":"","background-media":"","overlay-type":"","overlay-color":"","overlay-opacity":"","overlay-gradient":""},"mobile":{"background-color":"","background-image":"","background-repeat":"repeat","background-position":"center center","background-size":"auto","background-attachment":"scroll","background-type":"","background-media":"","overlay-type":"","overlay-color":"","overlay-opacity":"","overlay-gradient":""}},"ast-content-background-meta":{"desktop":{"background-color":"var(--ast-global-color-5)","background-image":"","background-repeat":"repeat","background-position":"center center","background-size":"auto","background-attachment":"scroll","background-type":"","background-media":"","overlay-type":"","overlay-color":"","overlay-opacity":"","overlay-gradient":""},"tablet":{"background-color":"var(--ast-global-color-5)","background-image":"","background-repeat":"repeat","background-position":"center center","background-size":"auto","background-attachment":"scroll","background-type":"","background-media":"","overlay-type":"","overlay-color":"","overlay-opacity":"","overlay-gradient":""},"mobile":{"background-color":"var(--ast-global-color-5)","background-image":"","background-repeat":"repeat","background-position":"center center","background-size":"auto","background-attachment":"scroll","background-type":"","background-media":"","overlay-type":"","overlay-color":"","overlay-opacity":"","overlay-gradient":""}}},"product_brand":[],"product_cat":[56],"product_tag":[],"class_list":{"0":"post-2936","1":"product","2":"type-product","3":"status-publish","4":"has-post-thumbnail","6":"product_cat-portraits","7":"desktop-align-left","8":"tablet-align-left","9":"mobile-align-left","11":"first","12":"instock","13":"sale","14":"featured","15":"shipping-taxable","16":"purchasable","17":"product-type-variable"},"_links":{"self":[{"href":"https:\/\/piccoloartista.com\/it\/wp-json\/wp\/v2\/product\/2936","targetHints":{"allow":["GET"]}}],"collection":[{"href":"https:\/\/piccoloartista.com\/it\/wp-json\/wp\/v2\/product"}],"about":[{"href":"https:\/\/piccoloartista.com\/it\/wp-json\/wp\/v2\/types\/product"}],"replies":[{"embeddable":true,"href":"https:\/\/piccoloartista.com\/it\/wp-json\/wp\/v2\/comments?post=2936"}],"version-history":[{"count":74,"href":"https:\/\/piccoloartista.com\/it\/wp-json\/wp\/v2\/product\/2936\/revisions"}],"predecessor-version":[{"id":6601,"href":"https:\/\/piccoloartista.com\/it\/wp-json\/wp\/v2\/product\/2936\/revisions\/6601"}],"wp:featuredmedia":[{"embeddable":true,"href":"https:\/\/piccoloartista.com\/it\/wp-json\/wp\/v2\/media\/4580"}],"wp:attachment":[{"href":"https:\/\/piccoloartista.com\/it\/wp-json\/wp\/v2\/media?parent=2936"}],"wp:term":[{"taxonomy":"product_brand","embeddable":true,"href":"https:\/\/piccoloartista.com\/it\/wp-json\/wp\/v2\/product_brand?post=2936"},{"taxonomy":"product_cat","embeddable":true,"href":"https:\/\/piccoloartista.com\/it\/wp-json\/wp\/v2\/product_cat?post=2936"},{"taxonomy":"product_tag","embeddable":true,"href":"https:\/\/piccoloartista.com\/it\/wp-json\/wp\/v2\/product_tag?post=2936"}],"curies":[{"name":"wp","href":"https:\/\/api.w.org\/{rel}","templated":true}]}}