{"id":3118,"date":"2022-02-01T20:25:58","date_gmt":"2022-02-01T19:25:58","guid":{"rendered":"http:\/\/piccoloartista.com\/?post_type=product&#038;p=3118"},"modified":"2026-03-02T09:47:04","modified_gmt":"2026-03-02T08:47:04","slug":"bambola-di-pezza-personalizzata-che-ti-somiglia","status":"publish","type":"product","link":"https:\/\/piccoloartista.com\/it\/produit\/la-poupee-de-chiffon-qui-te-ressemble\/","title":{"rendered":"BAMBOLA DI PEZZA PERSONALIZZATA CHE TI SOMIGLIA"},"content":{"rendered":"<p>\u2665 COME ORDINARE LE BAMBOLE PERSONALIZZATE \u2665<\/p>\n<p>\u2013 \u2013 \u2013 \u2013 \u2013 \u2013 \u2013 \u2013 \u2013 \u2013 \u2013 \u2013 \u2013 \u2013 \u2013 \u2013 \u2013 \u2013 \u2013 \u2013 \u2013 \u2013 \u2013 \u2013 \u2013 \u2013 \u2013 \u2013 \u2013 \u2013<\/p>\n<ol>\n<li>Scegli il numero di bambole per creare la tua famiglia.<\/li>\n<\/ol>\n<p>&nbsp;<\/p>\n<ol start=\"2\">\n<li>Scrivimi a <a href=\"mailto:contactpiccoloartista@gmail.com\">contactpiccoloartista@gmail.com<\/a> specificando per ogni bambola:<\/li>\n<\/ol>\n<p>\u2013 La taglia desiderata (adulto, bambino, neonato)<\/p>\n<p>\u2013 Il colore degli occhi, dei capelli e dei vestiti<\/p>\n<p>\u2013 Le foto di ogni persona o animale che desiderate<\/p>\n<p>\u2013 ogni informazione o dettaglio che pensi sia utile alla realizzazione (passione per certi accessori, hobby, caratteristiche particolari\u2026)<\/p>\n<p>&nbsp;<\/p>\n<ol start=\"3\">\n<li>Inizier\u00f2 a creare le tue bambole! Quando saranno pronte ti mander\u00f2 una foto per validarle prima della spedizione.<\/li>\n<\/ol>\n<p>&nbsp;<\/p>\n<p>\u2665 DETTAGLI \u2665<\/p>\n<p>\u2013 \u2013 \u2013 \u2013 \u2013 \u2013 \u2013 \u2013 \u2013 \u2013 \u2013 \u2013 \u2013 \u2013 \u2013 \u2013 \u2013 \u2013 \u2013 \u2013 \u2013 \u2013 \u2013 \u2013 \u2013 \u2013 \u2013 \u2013 \u2013 \u2013<\/p>\n<p>La bambola adulta misura circa 30 cm.<\/p>\n<p>Il bambino e gli animali misurano circa 25 cm.<\/p>\n<p>Il beb\u00e8 misura circa 20 cm.<\/p>\n<p>&nbsp;<\/p>\n<p>Ogni bambola \u00e8 un pezzo unico, fatto a mano con amore. Sono realizzati con tessuti di alta qualit\u00e0, morbidissimi e ogni dettaglio \u00e8 curato per renderli unici. La piccola etichetta posteriore pu\u00f2 essere utilizzata per appendere la bambola al muro. Le bambole sono imbottite con ovatta di poliestere.<\/p>\n<p>&nbsp;<\/p>\n<p>Le bambole vengono spedite in un sacchetto di tessuto riutilizzabile fatto a mano al posto della tradizionale confezione di carta o plastica e il fortunato destinatario pu\u00f2 riutilizzarla pi\u00f9 e pi\u00f9 volte. Sono cos\u00ec gi\u00e0 pronte in una bella confezione regalo. Un'azione per il nostro pianeta e un regalo per te! \nLa spedizione sar\u00e0 tramite posta tracciabile. \nPrima di spedirle ti mander\u00f2 una foto delle bambole per validarle.<\/p>\n<p><strong>guarda qui <\/strong><a href=\"https:\/\/piccoloartista.com\/it\/galleria\/\" target=\"_blank\" rel=\"noopener\"><strong>molti esempi di bambole<\/strong><\/a><strong> che ho creato.<\/strong><\/p>\n<p>&nbsp;<\/p>\n<p>Non adatto a bambini di et\u00e0 inferiore ai 3 anni. Durante il gioco si raccomanda sempre la presenza di un adulto.<\/p>","protected":false},"excerpt":{"rendered":"<p>Una bambola di pezza personalizzata realizzata con le tue foto o da amici e familiari \u00e8 un regalo destinato ad essere un successo e sar\u00e0 apprezzato per tutta la vita.<\/p>\n<p>Puoi creare la tua famiglia di bambole ordinando adulti, bambini, beb\u00e8 e anche gli animali!<\/p>\n<p><strong>guarda qui <\/strong><a href=\"https:\/\/piccoloartista.com\/it\/galleria\/\" target=\"_blank\" rel=\"noopener\"><strong>molti esempi di bambole <\/strong><\/a><strong>che ho creato.<\/strong><\/p>\n<p>&nbsp;<\/p>","protected":false},"featured_media":4724,"comment_status":"open","ping_status":"closed","template":"","meta":{"site-sidebar-layout":"default","site-content-layout":"default","ast-site-content-layout":"default","site-content-style":"default","site-sidebar-style":"default","ast-global-header-display":"","ast-banner-title-visibility":"","ast-main-header-display":"","ast-hfb-above-header-display":"","ast-hfb-below-header-display":"","ast-hfb-mobile-header-display":"","site-post-title":"","ast-breadcrumbs-content":"","ast-featured-img":"","footer-sml-layout":"","theme-transparent-header-meta":"default","adv-header-id-meta":"","stick-header-meta":"","header-above-stick-meta":"","header-main-stick-meta":"","header-below-stick-meta":"","astra-migrate-meta-layouts":"set","ast-page-background-enabled":"default","ast-page-background-meta":{"desktop":{"background-color":"","background-image":"","background-repeat":"repeat","background-position":"center center","background-size":"auto","background-attachment":"scroll","background-type":"","background-media":"","overlay-type":"","overlay-color":"","overlay-opacity":"","overlay-gradient":""},"tablet":{"background-color":"","background-image":"","background-repeat":"repeat","background-position":"center center","background-size":"auto","background-attachment":"scroll","background-type":"","background-media":"","overlay-type":"","overlay-color":"","overlay-opacity":"","overlay-gradient":""},"mobile":{"background-color":"","background-image":"","background-repeat":"repeat","background-position":"center center","background-size":"auto","background-attachment":"scroll","background-type":"","background-media":"","overlay-type":"","overlay-color":"","overlay-opacity":"","overlay-gradient":""}},"ast-content-background-meta":{"desktop":{"background-color":"var(--ast-global-color-5)","background-image":"","background-repeat":"repeat","background-position":"center center","background-size":"auto","background-attachment":"scroll","background-type":"","background-media":"","overlay-type":"","overlay-color":"","overlay-opacity":"","overlay-gradient":""},"tablet":{"background-color":"var(--ast-global-color-5)","background-image":"","background-repeat":"repeat","background-position":"center center","background-size":"auto","background-attachment":"scroll","background-type":"","background-media":"","overlay-type":"","overlay-color":"","overlay-opacity":"","overlay-gradient":""},"mobile":{"background-color":"var(--ast-global-color-5)","background-image":"","background-repeat":"repeat","background-position":"center center","background-size":"auto","background-attachment":"scroll","background-type":"","background-media":"","overlay-type":"","overlay-color":"","overlay-opacity":"","overlay-gradient":""}}},"product_brand":[],"product_cat":[67],"product_tag":[],"class_list":{"0":"post-3118","1":"product","2":"type-product","3":"status-publish","4":"has-post-thumbnail","6":"product_cat-poupees","7":"desktop-align-left","8":"tablet-align-left","9":"mobile-align-left","11":"first","12":"instock","13":"shipping-taxable","14":"purchasable","15":"product-type-simple"},"_links":{"self":[{"href":"https:\/\/piccoloartista.com\/it\/wp-json\/wp\/v2\/product\/3118","targetHints":{"allow":["GET"]}}],"collection":[{"href":"https:\/\/piccoloartista.com\/it\/wp-json\/wp\/v2\/product"}],"about":[{"href":"https:\/\/piccoloartista.com\/it\/wp-json\/wp\/v2\/types\/product"}],"replies":[{"embeddable":true,"href":"https:\/\/piccoloartista.com\/it\/wp-json\/wp\/v2\/comments?post=3118"}],"version-history":[{"count":35,"href":"https:\/\/piccoloartista.com\/it\/wp-json\/wp\/v2\/product\/3118\/revisions"}],"predecessor-version":[{"id":6333,"href":"https:\/\/piccoloartista.com\/it\/wp-json\/wp\/v2\/product\/3118\/revisions\/6333"}],"wp:featuredmedia":[{"embeddable":true,"href":"https:\/\/piccoloartista.com\/it\/wp-json\/wp\/v2\/media\/4724"}],"wp:attachment":[{"href":"https:\/\/piccoloartista.com\/it\/wp-json\/wp\/v2\/media?parent=3118"}],"wp:term":[{"taxonomy":"product_brand","embeddable":true,"href":"https:\/\/piccoloartista.com\/it\/wp-json\/wp\/v2\/product_brand?post=3118"},{"taxonomy":"product_cat","embeddable":true,"href":"https:\/\/piccoloartista.com\/it\/wp-json\/wp\/v2\/product_cat?post=3118"},{"taxonomy":"product_tag","embeddable":true,"href":"https:\/\/piccoloartista.com\/it\/wp-json\/wp\/v2\/product_tag?post=3118"}],"curies":[{"name":"wp","href":"https:\/\/api.w.org\/{rel}","templated":true}]}}