{"id":5017,"date":"2023-03-06T14:29:33","date_gmt":"2023-03-06T13:29:33","guid":{"rendered":"http:\/\/piccoloartista.com\/?post_type=product&#038;p=5017"},"modified":"2025-05-06T09:06:06","modified_gmt":"2025-05-06T07:06:06","slug":"illustrazione-personalizzata-della-casa","status":"publish","type":"product","link":"https:\/\/piccoloartista.com\/it\/produit\/illustration-personnalisee-de-maison\/","title":{"rendered":"ILLUSTRAZIONE DELLA CASA PERSONALIZZATA"},"content":{"rendered":"<p>\u2665 RICEVERAI \u2665<\/p>\n<p>\u2013 \u2013 \u2013 \u2013 \u2013 \u2013 \u2013 \u2013 \u2013 \u2013 \u2013 \u2013 \u2013 \u2013 \u2013 \u2013 \u2013 \u2013 \u2013 \u2013 \u2013 \u2013 \u2013 \u2013 \u2013 \u2013 \u2013 \u2013 \u2013 \u2013<\/p>\n<p>La grafica della casa personalizzata viene inviata via e-mail come FILE DIGITALE in formato JPG, qualunque sia la dimensione di cui hai bisogno, senza costi aggiuntivi. Le scelte popolari includono: A3, A4, 8x10&quot;, 16x20&quot;. Se hai bisogno del tuo ritratto in una dimensione diversa, nessun problema, fammelo sapere!<\/p>\n<p>Riceverai un file digitale perfetto da stampare tutte le volte che vuoi e su tutti i tipi di supporto (carta, poster, cartoncino, tazze, tote bag, ecc.)<\/p>\n<p>SE VUOI STAMPARE IL TUO RITRATTO a casa aggiungi un&#039;opzione di stampa (con o senza cornice) al tuo ordine oltre al tuo ritratto: <a href=\"http:\/\/piccoloartista.com\/it\/prodotto\/il-mio-ritratto-stampato-e-spedito\/\">IL MIO RITRATTO STAMPATO E INVIATO<\/a><\/p>\n<p>\u2665 COME ORDINARE UN&#039;OPERA PERSONALIZZATA PER LA CASA \u2665<\/p>\n<p>\u2013 \u2013 \u2013 \u2013 \u2013 \u2013 \u2013 \u2013 \u2013 \u2013 \u2013 \u2013 \u2013 \u2013 \u2013 \u2013 \u2013 \u2013 \u2013 \u2013 \u2013 \u2013 \u2013 \u2013 \u2013 \u2013 \u2013 \u2013 \u2013 \u2013<\/p>\n<p>1. Aggiungi il prodotto al carrello. Se desideri completarlo con un ritratto lo troverai in negozio.<\/p>\n<p>2. Scrivimi a <a href=\"mailto:contactpiccoloartista@gmail.com\">contactpiccoloartista@gmail.com<\/a> con :<\/p>\n<p>\u2013 la dimensione desiderata<\/p>\n<p>- i testi<\/p>\n<p>\u2013 foto della casa<\/p>\n<p>\u2013 Si prega di scrivere tutti i vostri desideri \/ dettagli.<\/p>\n<p>3. Inizier\u00f2 a lavorarci! Quando l&#039;illustrazione sar\u00e0 pronta, te la invier\u00f2 affinch\u00e9 tu la veda e ti chieda eventuali modifiche se lo ritieni necessario.<\/p>\n<p>4. Quando sarai completamente soddisfatto dell&#039;illustrazione della casa, ti invier\u00f2 il file in alta risoluzione in modo che tu possa stamparlo tu stesso dove vuoi e quando vuoi!<\/p>\n<p>\u2665 TEMPO DI REALIZZAZIONE \u2665<\/p>\n<p>\u2013 \u2013 \u2013 \u2013 \u2013 \u2013 \u2013 \u2013 \u2013 \u2013 \u2013 \u2013 \u2013 \u2013 \u2013 \u2013 \u2013 \u2013 \u2013 \u2013 \u2013 \u2013 \u2013 \u2013 \u2013 \u2013 \u2013 \u2013 \u2013 \u2013 \u2013 \u2013<\/p>\n<p>Il tempo di creazione attuale \u00e8 di 8 giorni dal ricevimento dell&#039;ordine.<\/p>\n<p>Se hai bisogno di avere la tua illustrazione personalizzata della casa in un tempo pi\u00f9 breve aggiungi il prodotto - <a href=\"http:\/\/piccoloartista.com\/it\/prodotto\/il-mio-ritratto-pronto-in-48h\/\">IL MIO RITRATTO IN PRIORIT\u00c0<\/a> \u2013 al tuo ordine in aggiunta al tuo ritratto per dare priorit\u00e0 e riceverlo entro 48 ore<\/p>\n<p>\u2665 TERMINI \u2665<\/p>\n<p>\u2013 \u2013 \u2013 \u2013 \u2013 \u2013 \u2013 \u2013 \u2013 \u2013 \u2013 \u2013 \u2013 \u2013 \u2013 \u2013 \u2013 \u2013 \u2013 \u2013 \u2013 \u2013 \u2013 \u2013 \u2013 \u2013 \u2013 \u2013 \u2013 \u2013 \u2013 \u2013<\/p>\n<p>Sentiti libero di stampare tutte le copie che desideri solo per uso personale.<\/p>\n<p>La rivendita\/l&#039;uso commerciale non \u00e8 consentito.<\/p>","protected":false},"excerpt":{"rendered":"<p>Nelle vostre adorabili case c&#039;\u00e8 una storia, ricordi e soprattutto emozioni.<\/p>\n<p>Disegno per te un&#039;illustrazione personalizzata di una casa da una foto carica di ricordi per te o da offrire!<\/p>\n<p>Puoi combinare il disegno della casa con un ritratto personalizzato per un risultato unico, pieno dei tuoi bei ricordi!<\/p>\n<p>+++ TEMPO DI CREAZIONE: 8 GIORNI +++<\/p>","protected":false},"featured_media":5013,"comment_status":"open","ping_status":"closed","template":"","meta":{"site-sidebar-layout":"default","site-content-layout":"default","ast-site-content-layout":"default","site-content-style":"default","site-sidebar-style":"default","ast-global-header-display":"","ast-banner-title-visibility":"","ast-main-header-display":"","ast-hfb-above-header-display":"","ast-hfb-below-header-display":"","ast-hfb-mobile-header-display":"","site-post-title":"","ast-breadcrumbs-content":"","ast-featured-img":"","footer-sml-layout":"","theme-transparent-header-meta":"default","adv-header-id-meta":"","stick-header-meta":"","header-above-stick-meta":"","header-main-stick-meta":"","header-below-stick-meta":"","astra-migrate-meta-layouts":"set","ast-page-background-enabled":"default","ast-page-background-meta":{"desktop":{"background-color":"","background-image":"","background-repeat":"repeat","background-position":"center center","background-size":"auto","background-attachment":"scroll","background-type":"","background-media":"","overlay-type":"","overlay-color":"","overlay-opacity":"","overlay-gradient":""},"tablet":{"background-color":"","background-image":"","background-repeat":"repeat","background-position":"center center","background-size":"auto","background-attachment":"scroll","background-type":"","background-media":"","overlay-type":"","overlay-color":"","overlay-opacity":"","overlay-gradient":""},"mobile":{"background-color":"","background-image":"","background-repeat":"repeat","background-position":"center center","background-size":"auto","background-attachment":"scroll","background-type":"","background-media":"","overlay-type":"","overlay-color":"","overlay-opacity":"","overlay-gradient":""}},"ast-content-background-meta":{"desktop":{"background-color":"var(--ast-global-color-5)","background-image":"","background-repeat":"repeat","background-position":"center center","background-size":"auto","background-attachment":"scroll","background-type":"","background-media":"","overlay-type":"","overlay-color":"","overlay-opacity":"","overlay-gradient":""},"tablet":{"background-color":"var(--ast-global-color-5)","background-image":"","background-repeat":"repeat","background-position":"center center","background-size":"auto","background-attachment":"scroll","background-type":"","background-media":"","overlay-type":"","overlay-color":"","overlay-opacity":"","overlay-gradient":""},"mobile":{"background-color":"var(--ast-global-color-5)","background-image":"","background-repeat":"repeat","background-position":"center center","background-size":"auto","background-attachment":"scroll","background-type":"","background-media":"","overlay-type":"","overlay-color":"","overlay-opacity":"","overlay-gradient":""}}},"product_brand":[],"product_cat":[56],"product_tag":[85],"class_list":{"0":"post-5017","1":"product","2":"type-product","3":"status-publish","4":"has-post-thumbnail","6":"product_cat-portraits","7":"product_tag-illustration-personnalisee-de-maison","8":"desktop-align-left","9":"tablet-align-left","10":"mobile-align-left","12":"first","13":"instock","14":"virtual","15":"purchasable","16":"product-type-simple"},"_links":{"self":[{"href":"https:\/\/piccoloartista.com\/it\/wp-json\/wp\/v2\/product\/5017","targetHints":{"allow":["GET"]}}],"collection":[{"href":"https:\/\/piccoloartista.com\/it\/wp-json\/wp\/v2\/product"}],"about":[{"href":"https:\/\/piccoloartista.com\/it\/wp-json\/wp\/v2\/types\/product"}],"replies":[{"embeddable":true,"href":"https:\/\/piccoloartista.com\/it\/wp-json\/wp\/v2\/comments?post=5017"}],"version-history":[{"count":2,"href":"https:\/\/piccoloartista.com\/it\/wp-json\/wp\/v2\/product\/5017\/revisions"}],"predecessor-version":[{"id":5019,"href":"https:\/\/piccoloartista.com\/it\/wp-json\/wp\/v2\/product\/5017\/revisions\/5019"}],"wp:featuredmedia":[{"embeddable":true,"href":"https:\/\/piccoloartista.com\/it\/wp-json\/wp\/v2\/media\/5013"}],"wp:attachment":[{"href":"https:\/\/piccoloartista.com\/it\/wp-json\/wp\/v2\/media?parent=5017"}],"wp:term":[{"taxonomy":"product_brand","embeddable":true,"href":"https:\/\/piccoloartista.com\/it\/wp-json\/wp\/v2\/product_brand?post=5017"},{"taxonomy":"product_cat","embeddable":true,"href":"https:\/\/piccoloartista.com\/it\/wp-json\/wp\/v2\/product_cat?post=5017"},{"taxonomy":"product_tag","embeddable":true,"href":"https:\/\/piccoloartista.com\/it\/wp-json\/wp\/v2\/product_tag?post=5017"}],"curies":[{"name":"wp","href":"https:\/\/api.w.org\/{rel}","templated":true}]}}